{"id":110,"date":"2016-09-17T15:02:29","date_gmt":"2016-09-17T15:02:29","guid":{"rendered":"http:\/\/proaguas.dev\/va\/?page_id=110"},"modified":"2016-12-06T09:25:04","modified_gmt":"2016-12-06T09:25:04","slug":"missio-i-visio","status":"publish","type":"page","link":"https:\/\/www.proaguas.es\/va\/qualitat-i-medi-ambient\/missio-i-visio\/","title":{"rendered":"Missi\u00f3 i visi\u00f3"},"content":{"rendered":"<p class=\"p1\">MISSI\u00d3<\/p>\n<p class=\"p1\">Gestionar els servicis relacionats amb el cicle integral de l&#8217;aigua, amb una ferma vocaci\u00f3 de servici a la societat, per mitj\u00e0 de la planificaci\u00f3, gesti\u00f3 i control d&#8217;infraestructures hidr\u00e0uliques, amb nivells de qualitat exigits per les normes nacionals i internacionals, integrada per personal identificat i capacitat, contribuint a millorar la qualitat de vida de la poblaci\u00f3 i preservant el medi ambient.<\/p>\n<p class=\"p1\">VISI\u00d3<\/p>\n<p class=\"p1\">Ser una empresa p\u00fablica referent en la gesti\u00f3 integral de l&#8217;aigua, amb sostenibilitat econ\u00f2mica i social, el prop\u00f2sit final de la qual \u00e9s protegir la salut individual, el benestar social i la conservaci\u00f3 del medi ambient, optimitzant els recursos h\u00eddrics disponibles, procurant la major satisfacci\u00f3 de tots els grups d&#8217;inter\u00e9s.<\/p>\n","protected":false},"excerpt":{"rendered":"<p>MISSI\u00d3 Gestionar els servicis relacionats amb el cicle integral de l&#8217;aigua, amb una ferma vocaci\u00f3 de servici a la societat, per mitj\u00e0 de la planificaci\u00f3, gesti\u00f3 i control d&#8217;infraestructures hidr\u00e0uliques, amb nivells de qualitat exigits per les normes nacionals i internacionals, integrada per personal identificat i capacitat, contribuint a millorar la qualitat de vida de [&hellip;]<\/p>\n","protected":false},"author":3,"featured_media":0,"parent":106,"menu_order":0,"comment_status":"closed","ping_status":"closed","template":"page-templates\/page-full-width.php","meta":{"footnotes":""},"class_list":["post-110","page","type-page","status-publish","hentry"],"_links":{"self":[{"href":"https:\/\/www.proaguas.es\/va\/wp-json\/wp\/v2\/pages\/110","targetHints":{"allow":["GET"]}}],"collection":[{"href":"https:\/\/www.proaguas.es\/va\/wp-json\/wp\/v2\/pages"}],"about":[{"href":"https:\/\/www.proaguas.es\/va\/wp-json\/wp\/v2\/types\/page"}],"author":[{"embeddable":true,"href":"https:\/\/www.proaguas.es\/va\/wp-json\/wp\/v2\/users\/3"}],"replies":[{"embeddable":true,"href":"https:\/\/www.proaguas.es\/va\/wp-json\/wp\/v2\/comments?post=110"}],"version-history":[{"count":4,"href":"https:\/\/www.proaguas.es\/va\/wp-json\/wp\/v2\/pages\/110\/revisions"}],"predecessor-version":[{"id":367,"href":"https:\/\/www.proaguas.es\/va\/wp-json\/wp\/v2\/pages\/110\/revisions\/367"}],"up":[{"embeddable":true,"href":"https:\/\/www.proaguas.es\/va\/wp-json\/wp\/v2\/pages\/106"}],"wp:attachment":[{"href":"https:\/\/www.proaguas.es\/va\/wp-json\/wp\/v2\/media?parent=110"}],"curies":[{"name":"wp","href":"https:\/\/api.w.org\/{rel}","templated":true}]}}