{"id":138,"date":"2016-09-17T15:09:42","date_gmt":"2016-09-17T15:09:42","guid":{"rendered":"http:\/\/proaguas.dev\/va\/?page_id=138"},"modified":"2016-12-06T11:44:49","modified_gmt":"2016-12-06T11:44:49","slug":"presentacio","status":"publish","type":"page","link":"https:\/\/www.proaguas.es\/va\/empresa\/presentacio\/","title":{"rendered":"Presentaci\u00f3n"},"content":{"rendered":"<div class=\"small-12 large-3 medium-3 columns\">\n<img loading=\"lazy\" decoding=\"async\" src=\"http:\/\/www.proaguas.es\/wp-content\/uploads\/2016\/09\/FOTO-EDIFICIO-1.jpg\" alt=\"foto-edificio\" width=\"301\" height=\"417\" class=\"alignnone size-full wp-image-765\" srcset=\"https:\/\/www.proaguas.es\/wp-content\/uploads\/2016\/09\/FOTO-EDIFICIO-1.jpg 301w, https:\/\/www.proaguas.es\/wp-content\/uploads\/2016\/09\/FOTO-EDIFICIO-1-217x300.jpg 217w\" sizes=\"auto, (max-width: 639px) 98vw, (max-width: 1199px) 64vw, 301px\" \/>\n<\/div>\n<div class=\"small-12 large-9 medium-9 columns\">\nL&#8217;Empresa Provincial d&#8217;Aig\u00fces Costa Blanca <strong>Proaguas COSTABLANCA, S.A.<\/strong> s&#8217;unisca societat p\u00fablica provincial participada \u00edntegrament per l&#8217;Excma. Diputaci\u00f3 Provincial d&#8217;Alacant, constitu\u00efda en 1991, i l&#8217;objecte social del qual ho constitu\u00efx la realitzaci\u00f3 de qualsevol classe de treballs relacionats amb el cicle integral de l&#8217;aigua.<\/p>\n<p>Des de <strong>Proaguas Costablanca, S.A.<\/strong> es pret\u00e9n donar servici principalment al sector p\u00fablic, i especialment a l&#8217;Administraci\u00f3 Local, en la busca de solucions t\u00e8cniques que permeten el compliment dels requisits mediambientals exigibles. Al mateix temps, desenrotlla distintes activitats d&#8217;estudi i investigaci\u00f3 que permeten con\u00e9ixer amb m\u00e9s profunditat les aplicacions i usos de l&#8217;aigua.<\/p>\n<p>L&#8217;empresa posse\u00efx una \u00e0mplia experi\u00e8ncia en el disseny, construcci\u00f3, investigaci\u00f3, explotaci\u00f3 i assessorament t\u00e8cnic d&#8217;infraestructures hidr\u00e0uliques, aix\u00ed com en l&#8217;elaboraci\u00f3 d&#8217;estudis espec\u00edfics, presa de mostres i controls anal\u00edtics.\n<\/p><\/div>\n","protected":false},"excerpt":{"rendered":"<p>L&#8217;Empresa Provincial d&#8217;Aig\u00fces Costa Blanca Proaguas COSTABLANCA, S.A. s&#8217;unisca societat p\u00fablica provincial participada \u00edntegrament per l&#8217;Excma. Diputaci\u00f3 Provincial d&#8217;Alacant, constitu\u00efda en 1991, i l&#8217;objecte social del qual ho constitu\u00efx la realitzaci\u00f3 de qualsevol classe de treballs relacionats amb el cicle integral de l&#8217;aigua. Des de Proaguas Costablanca, S.A. es pret\u00e9n donar servici principalment al sector [&hellip;]<\/p>\n","protected":false},"author":3,"featured_media":0,"parent":130,"menu_order":0,"comment_status":"closed","ping_status":"closed","template":"page-templates\/page-full-width.php","meta":{"footnotes":""},"class_list":["post-138","page","type-page","status-publish","hentry"],"_links":{"self":[{"href":"https:\/\/www.proaguas.es\/va\/wp-json\/wp\/v2\/pages\/138","targetHints":{"allow":["GET"]}}],"collection":[{"href":"https:\/\/www.proaguas.es\/va\/wp-json\/wp\/v2\/pages"}],"about":[{"href":"https:\/\/www.proaguas.es\/va\/wp-json\/wp\/v2\/types\/page"}],"author":[{"embeddable":true,"href":"https:\/\/www.proaguas.es\/va\/wp-json\/wp\/v2\/users\/3"}],"replies":[{"embeddable":true,"href":"https:\/\/www.proaguas.es\/va\/wp-json\/wp\/v2\/comments?post=138"}],"version-history":[{"count":5,"href":"https:\/\/www.proaguas.es\/va\/wp-json\/wp\/v2\/pages\/138\/revisions"}],"predecessor-version":[{"id":871,"href":"https:\/\/www.proaguas.es\/va\/wp-json\/wp\/v2\/pages\/138\/revisions\/871"}],"up":[{"embeddable":true,"href":"https:\/\/www.proaguas.es\/va\/wp-json\/wp\/v2\/pages\/130"}],"wp:attachment":[{"href":"https:\/\/www.proaguas.es\/va\/wp-json\/wp\/v2\/media?parent=138"}],"curies":[{"name":"wp","href":"https:\/\/api.w.org\/{rel}","templated":true}]}}