{"id":1383,"date":"2018-05-07T06:56:14","date_gmt":"2018-05-07T06:56:14","guid":{"rendered":"http:\/\/www.proaguas.es\/va\/qualitat-i-medi-ambient\/desempeno-ambiental"},"modified":"2023-03-04T17:22:25","modified_gmt":"2023-03-04T17:22:25","slug":"desempeno-ambiental","status":"publish","type":"page","link":"https:\/\/www.proaguas.es\/va\/qualitat-i-medi-ambient\/desempeno-ambiental\/","title":{"rendered":"Exercici ambiental"},"content":{"rendered":"<p><strong>Aspectes ambientals <\/strong><\/p>\n<p>En PROAGUAS hem identificat tots els aspectes ambientals associats a les nostres activitats i serveis; els directament associats a nostres. Aix\u00ed mateix, hem identificat els aspectes ambientals associats a possibles situacions d&#8217;emerg\u00e8ncia. Tots els aspectes identificats s\u00f3n avaluats per a determinar aquells que s\u00f3n significatius. A continuaci\u00f3, en la seg\u00fcent taula vam mostrar els aspectes ambientals de PROAGUAS i el seu indicador de control. Aix\u00ed mateix establim un control de tots els aspectes ambientals, significatius i no significatius, a\u00a0 trav\u00e9s d&#8217;indicadors de seguiment. Al seu torn, hem\u00a0 establit procediments de\u00a0 operaci\u00f3 que ens ajuden el seu control i a mantindre evid\u00e8ncies de la gesti\u00f3 realitzada.<\/p>\n<table style=\"width: 441px;\">\n<tbody>\n<tr>\n<td style=\"width: 337px;\">Consum de combustible<\/td>\n<td style=\"width: 103px; text-align: center;\">BAIXA<\/td>\n<\/tr>\n<tr>\n<td style=\"width: 337px;\">Electricitar<\/td>\n<td style=\"width: 103px; text-align: center;\">BAIXA<\/td>\n<\/tr>\n<tr>\n<td style=\"width: 337px;\">Generaci\u00f3 de residus perillosos<\/td>\n<td style=\"width: 103px; text-align: center;\">ALTA<\/td>\n<\/tr>\n<\/tbody>\n<\/table>\n<p>Respecte als residus perillosos, PROAGUAS est\u00e0 inscrita en el Registre General de Productors i Gestors de Residus de la Generalitat Valenciana com a xicotet productor de residus perillosos.<\/p>\n<p><strong>Indicadors <\/strong><\/p>\n<p>Dels Aspectes ambientals definits en PROAGUAS, s&#8217;han establit una s\u00e8rie d&#8217;Indicadors que s&#8217;han comportat d&#8217;acord amb les expectatives plantejades.<\/p>\n<p>Consum combustible<\/p>\n<p>Electricitat<\/p>\n<p>Consum aigua<\/p>\n<p>Generaci\u00f3 Residus Perillosos<\/p>\n<p><span style=\"font-size: inherit;\"><strong>Exercici ambiental\u00a0<\/strong><\/span><\/p>\n<p><span style=\"font-size: inherit;\">En PROAGUAS realitzem anualment una avaluaci\u00f3 de l&#8217;exercici ambiental, i a trav\u00e9s de la dit an\u00e0lisi establim mesures per a controlar els aspectes ambientals de les activitats que generem. Algunes d&#8217;estes mesures, es convertixen en objectius mediambientals. <\/span><\/p>\n<p><span style=\"font-size: inherit;\">Presentarem a continuaci\u00f3 l&#8217;evoluci\u00f3 dels principals aspectes ambientals en els \u00faltims exercicis (2016, 2017, 2018, 2019, 2020 i 2021), a fi de realitzar l&#8217;an\u00e0lisi de les tend\u00e8ncies dels dits aspectes i validar la gesti\u00f3 realitzada (i disposar d&#8217;informaci\u00f3 per a plantejar possibles millores en aquells punts susceptibles de millora).<\/span><\/p>\n<table style=\"width: 97.2141%;\">\n<tbody>\n<tr>\n<td style=\"width: 29.0249%;\"><\/td>\n<td style=\"width: 12.6984%; text-align: center;\">2017<\/td>\n<td style=\"width: 12.6984%; text-align: center;\">2018<\/td>\n<td style=\"width: 12.6984%; text-align: center;\">2019<\/td>\n<td style=\"width: 11.2899%; text-align: center;\">2020<\/td>\n<td style=\"width: 11.6267%; text-align: center;\">2021<\/td>\n<td style=\"width: 57.0124%; text-align: center;\">2022<\/td>\n<\/tr>\n<tr>\n<td style=\"width: 29.0249%;\">Combustible (l.)<\/td>\n<td style=\"width: 12.6984%; text-align: center;\">14800<\/td>\n<td style=\"width: 12.6984%; text-align: center;\">15004<\/td>\n<td style=\"width: 12.6984%; text-align: center;\">16627<\/td>\n<td style=\"width: 11.2899%; text-align: center;\">16173<\/td>\n<td style=\"width: 11.6267%; text-align: center;\">15640<\/td>\n<td style=\"width: 57.0124%; text-align: center;\">15255<\/td>\n<\/tr>\n<tr>\n<td style=\"width: 29.0249%;\">Consum lts\/10000km<\/td>\n<td style=\"width: 12.6984%; text-align: center;\">85,7<\/td>\n<td style=\"width: 12.6984%; text-align: center;\">64,4<\/td>\n<td style=\"width: 12.6984%; text-align: center;\">69,9<\/td>\n<td style=\"width: 11.2899%; text-align: center;\">62,5<\/td>\n<td style=\"width: 11.6267%; text-align: center;\">62,1<\/td>\n<td style=\"width: 57.0124%; text-align: center;\">62,6<\/td>\n<\/tr>\n<tr>\n<td style=\"width: 29.0249%;\">Electricitatd (kwh)<\/td>\n<td style=\"width: 12.6984%; text-align: center;\">158262<\/td>\n<td style=\"width: 12.6984%; text-align: center;\">151526<\/td>\n<td style=\"width: 12.6984%; text-align: center;\">140899<\/td>\n<td style=\"width: 11.2899%; text-align: center;\">140178<\/td>\n<td style=\"width: 11.6267%; text-align: center;\">119111<\/td>\n<td style=\"width: 57.0124%; text-align: center;\">125702<\/td>\n<\/tr>\n<tr>\n<td style=\"width: 29.0249%;\">Aigua (m3)<\/td>\n<td style=\"width: 12.6984%; text-align: center;\">334<\/td>\n<td style=\"width: 12.6984%; text-align: center;\">331<\/td>\n<td style=\"width: 12.6984%; text-align: center;\">363<\/td>\n<td style=\"width: 11.2899%; text-align: center;\">261<\/td>\n<td style=\"width: 11.6267%; text-align: center;\">385<\/td>\n<td style=\"width: 57.0124%; text-align: center;\">314<\/td>\n<\/tr>\n<\/tbody>\n<\/table>\n<p>En el cas del carburant, el consum \u00e9s lleugerament inferior a l&#8217;any anterior, que reflecteix el manteniment de l&#8217;activitat de l&#8217;empresa. No obstant aix\u00f2, el consum per empleat, igualment inferior respecte a l&#8217;any anterior a causa de la disponibilitat d&#8217;1 vehicles h\u00edbrids, i un vehicle el\u00e8ctric, i l&#8217;aprofitament dels recursos.<\/p>\n<p>En els 2 \u00faltims anys s&#8217;est\u00e0 procedint a la renovaci\u00f3 de la flota de vehicles de combusti\u00f3 per uns altres de tipus h\u00edbrid o el\u00e8ctric, conforme es van renovant els contractes de r\u00e8nting. Actualment, l&#8217;empresa disposa de 3 vehicles d&#8217;aquestes caracter\u00edstiques.<\/p>\n<p>En el cas de l&#8217;aigua, el consum s&#8217;ha redu\u00eft notablement respecte als anys anteriors, sense incloure l&#8217;any 2020, degut a l&#8217;efecte de la pand\u00e8mia per COVID-19.<\/p>\n<p>Quant al consum d&#8217;electricitat, recordar que l&#8217;any 2021 es va escometre el projecte d&#8217;instal\u00b7laci\u00f3 de panells fotovoltaics, dimensionada per a una producci\u00f3 de 111,34 *kWp composta de 21 panells fotovoltaics de 540 *Wp de pot\u00e8ncia unit\u00e0ria. S&#8217;estima que la instal\u00b7laci\u00f3 fotovoltaica produir\u00e0 19.459 kWh anualment, tot per a autoconsum, que suposaria aproximadament el 15% de l&#8217;energia total consumida per l&#8217;empresa.<\/p>\n<p>Finalment, en l&#8217;exercici 2022, la instal\u00b7laci\u00f3 ha produ\u00eft 16,*75MWh, d&#8217;un total de 137,*11MWh en aquest per\u00edode, la qual cosa suposa un rendiment del 12%. Aquest rendiment \u00e9s el mateix que l&#8217;obtingut l&#8217;any 2021.<\/p>\n","protected":false},"excerpt":{"rendered":"<p>Aspectes ambientals En PROAGUAS hem identificat tots els aspectes ambientals associats a les nostres activitats i serveis; els directament associats a nostres. Aix\u00ed mateix, hem identificat els aspectes ambientals associats a possibles situacions d&#8217;emerg\u00e8ncia. Tots els aspectes identificats s\u00f3n avaluats per a determinar aquells que s\u00f3n significatius. A continuaci\u00f3, en la seg\u00fcent taula vam mostrar [&hellip;]<\/p>\n","protected":false},"author":3,"featured_media":0,"parent":106,"menu_order":0,"comment_status":"closed","ping_status":"closed","template":"page-templates\/page-full-width.php","meta":{"footnotes":""},"class_list":["post-1383","page","type-page","status-publish","hentry"],"_links":{"self":[{"href":"https:\/\/www.proaguas.es\/va\/wp-json\/wp\/v2\/pages\/1383","targetHints":{"allow":["GET"]}}],"collection":[{"href":"https:\/\/www.proaguas.es\/va\/wp-json\/wp\/v2\/pages"}],"about":[{"href":"https:\/\/www.proaguas.es\/va\/wp-json\/wp\/v2\/types\/page"}],"author":[{"embeddable":true,"href":"https:\/\/www.proaguas.es\/va\/wp-json\/wp\/v2\/users\/3"}],"replies":[{"embeddable":true,"href":"https:\/\/www.proaguas.es\/va\/wp-json\/wp\/v2\/comments?post=1383"}],"version-history":[{"count":13,"href":"https:\/\/www.proaguas.es\/va\/wp-json\/wp\/v2\/pages\/1383\/revisions"}],"predecessor-version":[{"id":1802,"href":"https:\/\/www.proaguas.es\/va\/wp-json\/wp\/v2\/pages\/1383\/revisions\/1802"}],"up":[{"embeddable":true,"href":"https:\/\/www.proaguas.es\/va\/wp-json\/wp\/v2\/pages\/106"}],"wp:attachment":[{"href":"https:\/\/www.proaguas.es\/va\/wp-json\/wp\/v2\/media?parent=1383"}],"curies":[{"name":"wp","href":"https:\/\/api.w.org\/{rel}","templated":true}]}}