{"id":151,"date":"2016-09-17T15:12:12","date_gmt":"2016-09-17T15:12:12","guid":{"rendered":"http:\/\/proaguas.dev\/va\/?page_id=151"},"modified":"2016-12-13T07:54:18","modified_gmt":"2016-12-13T07:54:18","slug":"perfil-del-contractant","status":"publish","type":"page","link":"https:\/\/www.proaguas.es\/va\/perfil-del-contractant\/","title":{"rendered":"Perfil del contractant"},"content":{"rendered":"<p><span style=\"font-size: 12pt;\"><strong>Nom oficial:<\/strong><\/span><\/p>\n<p><span style=\"font-size: 12pt;\">Empresa Provincial de Aguas Costa Blanca Proaguas Costablanca, S.A.<\/span><br \/>\n<span style=\"font-size: 12pt;\"> CIF: A03734357<\/span><br \/>\n<span style=\"font-size: 12pt;\"> Inscrita en el Registre Mercantil de la Prov\u00edncia d&#8217;Alacant. Tom 1.307 Foli 206 Full A.6909 Inscripci\u00f3 1\u00aa C.I.F. A03734357<\/span><\/p>\n<p><span style=\"font-size: 12pt;\"><strong>Adre\u00e7a Postal:<\/strong><\/span><\/p>\n<p><span style=\"font-size: 12pt;\">Avenida de Orihuela, n\u00ba 39, <\/span><br \/>\n<span style=\"font-size: 12pt;\"> C.P. 03007 ALICANTE \u2013 ESPA\u00d1A<\/span><\/p>\n<p><span style=\"font-size: 12pt;\"><strong><span class=\"negrita\">Contacte:<\/span><\/strong><\/span><\/p>\n<p><span style=\"font-size: 12pt;\">Tel\u00e8fon: 965111376. Fax: 965102166.<\/span><\/p>\n<p><span style=\"font-size: 12pt;\">Correu electr\u00f2nic: <a href=\"mailto:proaguas@diputacionalicante.es\">proaguas@diputacionalicante.es<\/a><\/span><\/p>\n<p><span style=\"font-size: 12pt;\"><strong>Direcci\u00f3 Internet:<\/strong><\/span><\/p>\n<p><span style=\"font-size: 12pt;\">Direcci\u00f3 del Poder Adjudicador (URL):\u00a0\u00a0http:\/\/www.proaguas.es<\/span><br \/>\n<span style=\"font-size: 12pt;\"> Direcci\u00f3 del Perfil de Contractant (URL): \u00a0http:\/\/www.proaguas.es<\/span><\/p>\n<p><span style=\"font-size: 12pt;\"><strong>Tipus de poder adjudicador:<\/strong><\/span><\/p>\n<p><span style=\"font-size: 12pt;\">Poder adjudicador diferent d&#8217;administraci\u00f3 p\u00fablica.<\/span><\/p>\n<p><span style=\"font-size: 12pt;\"><strong>Activitat principal:<\/strong><\/span><\/p>\n<p><span style=\"font-size: 12pt;\">Realitzaci\u00f3 de qualsevol classe de treballs relacionats amb el cicle complet de l&#8217;aigua, \u00e0mpliament ent\u00e9s, aix\u00ed com l&#8217;elaboraci\u00f3 i promoci\u00f3 d&#8217;actuacions urban\u00edstiques integrades i a\u00efllades, en els \u00e0mbits de gesti\u00f3 del patrimoni i assessorament a municipis.<\/span><\/p>\n<p><span style=\"font-size: 12pt;\">Empresa Provincial de Aguas Costa Blanca Proaguas Costablanca, S.A. (PROAGUAS COSTABLANCA, S.A.) \u00e9s una empresa p\u00fablica el capital social de la qual pertany \u00edntegrament a l&#8217;Excma. Diputaci\u00f3 Provincial d&#8217;Alacant.<\/span><\/p>\n<p><span style=\"font-size: 12pt;\">PROAGUAS COSTABLANCA, S.A. forma part del sector p\u00fablic delimitat en la Llei 30\/2007, de 30 d&#8217;octubre, de Contractes del Sector P\u00fablic (LCSP) . En concret, PROAGUAS COSTABLANCA, S.A. s&#8217;un poder adjudicador diferent de l&#8217;Administraci\u00f3 P\u00fablica, d&#8217;acord amb el que establix l&#8217;article 3.3.b de la LCSP.<\/span><\/p>\n<p><span style=\"font-size: 12pt;\">Per a la contractaci\u00f3 subjecta a regulaci\u00f3 harmonitzada, PROAGUAS COSTABLANCA, S.A. aplicar\u00e0 els preceptes aplicables de la LCSP.<\/span><\/p>\n<p><span style=\"font-size: 12pt;\">Per a la contractaci\u00f3 NO subjecta a regulaci\u00f3 harmonitzada, PROAGUAS COSTABLANCA, S.A. es regir\u00e0 per les Instruccions que han sigut aprovades en compliment de la normativa aplicable.<\/span><\/p>\n<p><span style=\"font-size: 12pt;\"><strong>Documentaci\u00f3<\/strong><\/span><br \/>\nCreditors: sol\u00b7licitud d&#8217;alta de tercer, procediment de pagament i modificaci\u00f3 de dades banc\u00e0ries.<br \/>\n<a href=\"http:\/\/www.proaguas.es\/wp-content\/uploads\/2016\/12\/FICHA-DE-TERCEROS.pdf\">FITXA DE TERCERS<\/a><\/p>\n","protected":false},"excerpt":{"rendered":"<p>Nom oficial: Empresa Provincial de Aguas Costa Blanca Proaguas Costablanca, S.A. CIF: A03734357 Inscrita en el Registre Mercantil de la Prov\u00edncia d&#8217;Alacant. Tom 1.307 Foli 206 Full A.6909 Inscripci\u00f3 1\u00aa C.I.F. A03734357 Adre\u00e7a Postal: Avenida de Orihuela, n\u00ba 39, C.P. 03007 ALICANTE \u2013 ESPA\u00d1A Contacte: Tel\u00e8fon: 965111376. Fax: 965102166. Correu electr\u00f2nic: proaguas@diputacionalicante.es Direcci\u00f3 Internet: Direcci\u00f3 [&hellip;]<\/p>\n","protected":false},"author":3,"featured_media":0,"parent":0,"menu_order":0,"comment_status":"closed","ping_status":"closed","template":"page-templates\/page-full-width.php","meta":{"footnotes":""},"class_list":["post-151","page","type-page","status-publish","hentry"],"_links":{"self":[{"href":"https:\/\/www.proaguas.es\/va\/wp-json\/wp\/v2\/pages\/151","targetHints":{"allow":["GET"]}}],"collection":[{"href":"https:\/\/www.proaguas.es\/va\/wp-json\/wp\/v2\/pages"}],"about":[{"href":"https:\/\/www.proaguas.es\/va\/wp-json\/wp\/v2\/types\/page"}],"author":[{"embeddable":true,"href":"https:\/\/www.proaguas.es\/va\/wp-json\/wp\/v2\/users\/3"}],"replies":[{"embeddable":true,"href":"https:\/\/www.proaguas.es\/va\/wp-json\/wp\/v2\/comments?post=151"}],"version-history":[{"count":12,"href":"https:\/\/www.proaguas.es\/va\/wp-json\/wp\/v2\/pages\/151\/revisions"}],"predecessor-version":[{"id":973,"href":"https:\/\/www.proaguas.es\/va\/wp-json\/wp\/v2\/pages\/151\/revisions\/973"}],"wp:attachment":[{"href":"https:\/\/www.proaguas.es\/va\/wp-json\/wp\/v2\/media?parent=151"}],"curies":[{"name":"wp","href":"https:\/\/api.w.org\/{rel}","templated":true}]}}