{"id":159,"date":"2016-09-17T15:14:41","date_gmt":"2016-09-17T15:14:41","guid":{"rendered":"http:\/\/proaguas.dev\/va\/?page_id=159"},"modified":"2016-12-06T15:38:06","modified_gmt":"2016-12-06T15:38:06","slug":"analisi-i-control-dinstal%c2%b7lacions","status":"publish","type":"page","link":"https:\/\/www.proaguas.es\/va\/servicis\/analisi-i-control-dinstal%c2%b7lacions\/","title":{"rendered":"An\u00e0lisi i control d&#8217;instal\u00b7lacions"},"content":{"rendered":"<div class=\"small-12 large-5 medium-5 columns\">\n<img loading=\"lazy\" decoding=\"async\" class=\"aligncenter size-full wp-image-709\" src=\"http:\/\/www.proaguas.es\/wp-content\/uploads\/2016\/09\/MO-1.jpg\" alt=\"mo-1\" width=\"1171\" height=\"749\" srcset=\"https:\/\/www.proaguas.es\/wp-content\/uploads\/2016\/09\/MO-1.jpg 1171w, https:\/\/www.proaguas.es\/wp-content\/uploads\/2016\/09\/MO-1-300x192.jpg 300w, https:\/\/www.proaguas.es\/wp-content\/uploads\/2016\/09\/MO-1-768x491.jpg 768w, https:\/\/www.proaguas.es\/wp-content\/uploads\/2016\/09\/MO-1-1024x655.jpg 1024w, https:\/\/www.proaguas.es\/wp-content\/uploads\/2016\/09\/MO-1-640x409.jpg 640w\" sizes=\"auto, (max-width: 639px) 98vw, (max-width: 1199px) 64vw, 770px\" \/>\n<\/div>\n<div class=\"small-12 large-7 medium-7 columns\">\n<p class=\"p1\"><span class=\"s1\">La dilatada experi\u00e8ncia que acumula Proaig\u00fces, ens d\u00f3na la possibilitat de bolcar tots els nostres coneixements a oferir a la societat nostres millors servicis.<\/span><\/p>\n<p class=\"p1\"><span class=\"s2\">Els \u00e0mbits d&#8217;actuaci\u00f3 en els quals el Departament d&#8217;An\u00e0lisi i Control d&#8217;Instal\u00b7lacions desenrotlla les seues activitats, s\u00f3n els seg\u00fcents:<\/span><\/p>\n<ul>\n<li class=\"li1\"><a href=\"https:\/\/www.proaguas.es\/servicios\/analisis-y-control-de-instalaciones\/aguas-de-consumo\/\"><span class=\"s2\">Aig\u00fces de Consum.<\/span><\/a><\/li>\n<li class=\"li1\"><a href=\"https:\/\/www.proaguas.es\/servicios\/analisis-y-control-de-instalaciones\/aguas-continentales-superficiales-y-subterraneas\/\"><span class=\"s2\">Aig\u00fces Continentals superficials i subterr\u00e0nies.<\/span><\/a><\/li>\n<li class=\"li1\"><a href=\"https:\/\/www.proaguas.es\/servicios\/analisis-y-control-de-instalaciones\/aguas-marinas-de-bano-y-piscina\/\"><span class=\"s2\">Aig\u00fces Marines, de Bany i Piscines.<\/span><\/a><\/li>\n<li class=\"li1\"><a href=\"https:\/\/www.proaguas.es\/servicios\/analisis-y-control-de-instalaciones\/aguas-residuales\/\"><span class=\"s2\">Aig\u00fces Residuals.<\/span><\/a><\/li>\n<li class=\"li1\"><a href=\"http:\/\/www.proaguas.es\/aguas-de-riego\/\"><span class=\"s2\">Aig\u00fces de Reg.<\/span><\/a><\/li>\n<li class=\"li1\"><a href=\"https:\/\/www.proaguas.es\/servicios\/analisis-y-control-de-instalaciones\/lodos-y-residuos\/\"><span class=\"s2\">Fangs i Residus<\/span><\/a><\/li>\n<\/ul>\n<\/div>\n","protected":false},"excerpt":{"rendered":"<p>La dilatada experi\u00e8ncia que acumula Proaig\u00fces, ens d\u00f3na la possibilitat de bolcar tots els nostres coneixements a oferir a la societat nostres millors servicis. Els \u00e0mbits d&#8217;actuaci\u00f3 en els quals el Departament d&#8217;An\u00e0lisi i Control d&#8217;Instal\u00b7lacions desenrotlla les seues activitats, s\u00f3n els seg\u00fcents: Aig\u00fces de Consum. Aig\u00fces Continentals superficials i subterr\u00e0nies. Aig\u00fces Marines, de Bany [&hellip;]<\/p>\n","protected":false},"author":3,"featured_media":0,"parent":155,"menu_order":0,"comment_status":"closed","ping_status":"closed","template":"page-templates\/page-full-width.php","meta":{"footnotes":""},"class_list":["post-159","page","type-page","status-publish","hentry"],"_links":{"self":[{"href":"https:\/\/www.proaguas.es\/va\/wp-json\/wp\/v2\/pages\/159","targetHints":{"allow":["GET"]}}],"collection":[{"href":"https:\/\/www.proaguas.es\/va\/wp-json\/wp\/v2\/pages"}],"about":[{"href":"https:\/\/www.proaguas.es\/va\/wp-json\/wp\/v2\/types\/page"}],"author":[{"embeddable":true,"href":"https:\/\/www.proaguas.es\/va\/wp-json\/wp\/v2\/users\/3"}],"replies":[{"embeddable":true,"href":"https:\/\/www.proaguas.es\/va\/wp-json\/wp\/v2\/comments?post=159"}],"version-history":[{"count":6,"href":"https:\/\/www.proaguas.es\/va\/wp-json\/wp\/v2\/pages\/159\/revisions"}],"predecessor-version":[{"id":889,"href":"https:\/\/www.proaguas.es\/va\/wp-json\/wp\/v2\/pages\/159\/revisions\/889"}],"up":[{"embeddable":true,"href":"https:\/\/www.proaguas.es\/va\/wp-json\/wp\/v2\/pages\/155"}],"wp:attachment":[{"href":"https:\/\/www.proaguas.es\/va\/wp-json\/wp\/v2\/media?parent=159"}],"curies":[{"name":"wp","href":"https:\/\/api.w.org\/{rel}","templated":true}]}}