{"id":167,"date":"2016-09-17T15:17:04","date_gmt":"2016-09-17T15:17:04","guid":{"rendered":"http:\/\/proaguas.dev\/va\/?page_id=167"},"modified":"2016-09-27T18:27:02","modified_gmt":"2016-09-27T18:27:02","slug":"particulars","status":"publish","type":"page","link":"https:\/\/www.proaguas.es\/va\/servicis\/analisi-i-control-dinstal%c2%b7lacions\/particulars\/","title":{"rendered":"Particulars"},"content":{"rendered":"<p class=\"p1\">La dilatada experi\u00e8ncia que acumula Proaig\u00fces, ens d\u00f3na la possibilitat de bolcar tots els nostres coneixements a oferir a la societat nostres millors servicis:<\/p>\n<p class=\"p1\">AIG\u00dcES RESIDUALS<\/p>\n<ul style=\"list-style-type: circle;\">\n<li>Disseny, Assessorament t\u00e8cnic i Control dels <strong>l\u00edmits d&#8217;abocament<\/strong> d&#8217;instal\u00b7lacions depuradores industrials i particulars.<\/li>\n<li class=\"li1\">An\u00e0lisi de l&#8217;efluent d&#8217;Autocontrol de les <strong>Depuradores Familiars<\/strong>, en el seu compliment dels l\u00edmits de la seua Autoritzaci\u00f3 d&#8217;Abocament. Assessorament en la seua relaci\u00f3 amb l&#8217;administraci\u00f3.<\/li>\n<li class=\"li1\"><span class=\"s2\"><strong>Caracteritzaci\u00f3 d&#8217;abocaments<\/strong> industrials per a gestor autoritzat.<\/span><\/li>\n<li class=\"li1\">Gesti\u00f3 <strong>d&#8217;autoritzaci\u00f3 de depuradores per al seu abocament a llit p\u00fablic<\/strong>.<\/li>\n<li class=\"li1\">An\u00e0lisi i <strong>caracteritzaci\u00f3 microbiol\u00f2gica de fangs actius<\/strong> en sistemes de depuraci\u00f3.<\/li>\n<li class=\"li1\">Gesti\u00f3 de <strong>Sol\u00b7licitud d&#8217;abocament directe a EDAR<\/strong>. Caracteritzaci\u00f3 de l&#8217;abocament sol\u00b7licitat.<\/li>\n<li class=\"li1\">Mostratge, an\u00e0lisi i assessorament per a l&#8217;ompliment de l&#8217;impr\u00e9s <strong>MD-301<\/strong> sobre producci\u00f3 d&#8217;aig\u00fces residuals.<\/li>\n<li class=\"li1\">Elaboraci\u00f3 de <strong>Certificat d&#8217;Aig\u00fces Sanit\u00e0ries<\/strong>.<\/li>\n<\/ul>\n<p>REUTILITZACI\u00d3 D&#8217;AIG\u00dcES DEPURADES<\/p>\n<ul style=\"list-style-type: circle;\">\n<li class=\"li1\">Gesti\u00f3 de Sol\u00b7licitud <strong>d&#8217;Autoritzaci\u00f3 i Estudis d&#8217;\u00das d&#8217;Aig\u00fces Depurades<\/strong>.<\/li>\n<li class=\"li1\"><span class=\"s2\">Assessorament t\u00e8cnic i control anal\u00edtic en <strong>tractaments terciaris<\/strong> per a reutilitzaci\u00f3 d&#8217;aig\u00fces residuals depurades.<\/span><\/li>\n<\/ul>\n<p>AIG\u00dcES PER A REG<\/p>\n<ul style=\"list-style-type: circle;\">\n<li class=\"li1\"><strong>An\u00e0lisi i caracteritzaci\u00f3 d&#8217;aig\u00fces per a reg<\/strong>. Avaluaci\u00f3 de riscos per als cultius. Estudi de Salinitat.<\/li>\n<\/ul>\n<p>FANGS<\/p>\n<ul style=\"list-style-type: circle;\">\n<li class=\"li1\">Caracteritzaci\u00f3 de <strong>fangs industrials per a abocador<\/strong>.<\/li>\n<\/ul>\n<p>AIG\u00dcES DE CONSUM HUM\u00c0<\/p>\n<ul style=\"list-style-type: circle;\">\n<li class=\"li1\">Planificaci\u00f3, vigil\u00e0ncia i an\u00e0lisi <strong>d&#8217;aig\u00fces continentals<\/strong> (prepotables, dep\u00f2sits, pous, brolladors, fonts naturals) .<\/li>\n<li class=\"li1\">Plans de Control de Qualitat Sanit\u00e0ria en <strong>sistemes d&#8217;aigua de consum hum\u00e0<\/strong> per a la ind\u00fastria aliment\u00e0ria, urbanitzacions i altres.<\/li>\n<li class=\"li1\">Control anal\u00edtic d&#8217;aig\u00fces de <strong>piscines i aig\u00fces de bany<\/strong>.<\/li>\n<li class=\"li1\">An\u00e0lisi <strong>d&#8217;aig\u00fces de consum en sistemes particulars<\/strong>.<\/li>\n<\/ul>\n<p>LEGIONELLA<\/p>\n<ul style=\"list-style-type: circle;\">\n<li class=\"li1\">Plans de Prevenci\u00f3 i Control anal\u00edtic de <strong>Legionel\u00b7losi en la Ind\u00fastria i zones comercials<\/strong>.<\/li>\n<\/ul>\n","protected":false},"excerpt":{"rendered":"<p>La dilatada experi\u00e8ncia que acumula Proaig\u00fces, ens d\u00f3na la possibilitat de bolcar tots els nostres coneixements a oferir a la societat nostres millors servicis: AIG\u00dcES RESIDUALS Disseny, Assessorament t\u00e8cnic i Control dels l\u00edmits d&#8217;abocament d&#8217;instal\u00b7lacions depuradores industrials i particulars. An\u00e0lisi de l&#8217;efluent d&#8217;Autocontrol de les Depuradores Familiars, en el seu compliment dels l\u00edmits de la [&hellip;]<\/p>\n","protected":false},"author":3,"featured_media":0,"parent":159,"menu_order":0,"comment_status":"closed","ping_status":"closed","template":"page-templates\/page-full-width.php","meta":{"footnotes":""},"class_list":["post-167","page","type-page","status-publish","hentry"],"_links":{"self":[{"href":"https:\/\/www.proaguas.es\/va\/wp-json\/wp\/v2\/pages\/167","targetHints":{"allow":["GET"]}}],"collection":[{"href":"https:\/\/www.proaguas.es\/va\/wp-json\/wp\/v2\/pages"}],"about":[{"href":"https:\/\/www.proaguas.es\/va\/wp-json\/wp\/v2\/types\/page"}],"author":[{"embeddable":true,"href":"https:\/\/www.proaguas.es\/va\/wp-json\/wp\/v2\/users\/3"}],"replies":[{"embeddable":true,"href":"https:\/\/www.proaguas.es\/va\/wp-json\/wp\/v2\/comments?post=167"}],"version-history":[{"count":2,"href":"https:\/\/www.proaguas.es\/va\/wp-json\/wp\/v2\/pages\/167\/revisions"}],"predecessor-version":[{"id":330,"href":"https:\/\/www.proaguas.es\/va\/wp-json\/wp\/v2\/pages\/167\/revisions\/330"}],"up":[{"embeddable":true,"href":"https:\/\/www.proaguas.es\/va\/wp-json\/wp\/v2\/pages\/159"}],"wp:attachment":[{"href":"https:\/\/www.proaguas.es\/va\/wp-json\/wp\/v2\/media?parent=167"}],"curies":[{"name":"wp","href":"https:\/\/api.w.org\/{rel}","templated":true}]}}