{"id":171,"date":"2016-09-17T15:17:53","date_gmt":"2016-09-17T15:17:53","guid":{"rendered":"http:\/\/proaguas.dev\/va\/?page_id=171"},"modified":"2016-12-06T15:47:28","modified_gmt":"2016-12-06T15:47:28","slug":"analisi","status":"publish","type":"page","link":"https:\/\/www.proaguas.es\/va\/servicis\/analisi\/","title":{"rendered":"An\u00e0lisi"},"content":{"rendered":"<div class=\"row\">\n<p class=\"text-center\"><strong> AN\u00c0LISI <\/strong><\/p>\n<div class=\"small-12 large-5 medium-5 columns\"><img loading=\"lazy\" decoding=\"async\" class=\"alignnone size-full wp-image-801\" src=\"http:\/\/www.proaguas.es\/wp-content\/uploads\/2016\/09\/IMG_0472.jpg\" alt=\"img_0472\" width=\"600\" height=\"450\" srcset=\"https:\/\/www.proaguas.es\/wp-content\/uploads\/2016\/09\/IMG_0472.jpg 600w, https:\/\/www.proaguas.es\/wp-content\/uploads\/2016\/09\/IMG_0472-300x225.jpg 300w\" sizes=\"auto, (max-width: 639px) 98vw, (max-width: 1199px) 64vw, 600px\" \/><\/div>\n<div class=\"small-12 large-7 medium-7 columns\">\n<p class=\"p1\"><span class=\"s1\">El nostre laboratori est\u00e0 equipat per a la determinaci\u00f3 de les an\u00e0lisis fisicoqu\u00edmiques i microbiol\u00f3gicos  compostos que requerixen una elevada especialitzaci\u00f3, amb uns nivells de detecci\u00f3, incerteses i terminis d&#8217;entrega que ens permeten donar el millor servici als nostres clients.<\/span><\/p>\n<p class=\"p1\"><span class=\"s1\">Consulte cada secci\u00f3 per a con\u00e9ixer amb m\u00e9s detall nostra oferta anal\u00edtica.<\/span><\/p>\n<p class=\"p1\"><a href=\"https:\/\/www.proaguas.es\/servicios\/analisis-y-control-de-instalaciones\/\"><span class=\"s1\">Pot consultar els servicis complementaris d&#8217;assist\u00e8ncia t\u00e8cnica en la nostra p\u00e0gina de servicis.<\/span><\/a><\/p>\n<ul style=\"list-style-type: disc;\">\n<li class=\"p1\"><a href=\"https:\/\/www.proaguas.es\/servicios\/analisis\/analisis-fisico-quimico\/\">An\u00e0lisi F\u00edsico-Qu\u00edmico.<\/a><\/li>\n<li class=\"p1\"><a href=\"https:\/\/www.proaguas.es\/servicios\/analisis\/analisis-microbiologico\/\">An\u00e0lisi Microbiol\u00f2gica<\/a><\/li>\n<li class=\"p1\"><a href=\"https:\/\/www.proaguas.es\/servicios\/analisis\/contaminantes-organicos\/\">Contaminants Org\u00e0nics<\/a><\/li>\n<li class=\"p1\"><a href=\"https:\/\/www.proaguas.es\/servicios\/analisis\/metales\/\"> Metalls <\/a><\/li>\n<\/ul>\n<\/div>\n<\/div>\n","protected":false},"excerpt":{"rendered":"<p>AN\u00c0LISI El nostre laboratori est\u00e0 equipat per a la determinaci\u00f3 de les an\u00e0lisis fisicoqu\u00edmiques i microbiol\u00f3gicos compostos que requerixen una elevada especialitzaci\u00f3, amb uns nivells de detecci\u00f3, incerteses i terminis d&#8217;entrega que ens permeten donar el millor servici als nostres clients. Consulte cada secci\u00f3 per a con\u00e9ixer amb m\u00e9s detall nostra oferta anal\u00edtica. Pot consultar [&hellip;]<\/p>\n","protected":false},"author":3,"featured_media":0,"parent":155,"menu_order":0,"comment_status":"closed","ping_status":"closed","template":"page-templates\/page-full-width.php","meta":{"footnotes":""},"class_list":["post-171","page","type-page","status-publish","hentry"],"_links":{"self":[{"href":"https:\/\/www.proaguas.es\/va\/wp-json\/wp\/v2\/pages\/171","targetHints":{"allow":["GET"]}}],"collection":[{"href":"https:\/\/www.proaguas.es\/va\/wp-json\/wp\/v2\/pages"}],"about":[{"href":"https:\/\/www.proaguas.es\/va\/wp-json\/wp\/v2\/types\/page"}],"author":[{"embeddable":true,"href":"https:\/\/www.proaguas.es\/va\/wp-json\/wp\/v2\/users\/3"}],"replies":[{"embeddable":true,"href":"https:\/\/www.proaguas.es\/va\/wp-json\/wp\/v2\/comments?post=171"}],"version-history":[{"count":7,"href":"https:\/\/www.proaguas.es\/va\/wp-json\/wp\/v2\/pages\/171\/revisions"}],"predecessor-version":[{"id":893,"href":"https:\/\/www.proaguas.es\/va\/wp-json\/wp\/v2\/pages\/171\/revisions\/893"}],"up":[{"embeddable":true,"href":"https:\/\/www.proaguas.es\/va\/wp-json\/wp\/v2\/pages\/155"}],"wp:attachment":[{"href":"https:\/\/www.proaguas.es\/va\/wp-json\/wp\/v2\/media?parent=171"}],"curies":[{"name":"wp","href":"https:\/\/api.w.org\/{rel}","templated":true}]}}