{"id":1781,"date":"2022-12-01T09:54:44","date_gmt":"2022-12-01T09:54:44","guid":{"rendered":"http:\/\/www.proaguas.es\/va\/?page_id=1781"},"modified":"2022-12-01T09:57:14","modified_gmt":"2022-12-01T09:57:14","slug":"queixes-i-reclamacions","status":"publish","type":"page","link":"https:\/\/www.proaguas.es\/va\/contacto\/queixes-i-reclamacions\/","title":{"rendered":"QUEIXES I RECLAMACIONS"},"content":{"rendered":"\n<p>Si considera que ha de dur a terme algun tipus de\u00a0<strong>suggeriments, queixa, o felicitaci\u00f3<\/strong>, etc. en relaci\u00f3 amb els serveis que presta PROAIG\u00dcES, pot fer-ho de les seg\u00fcents formes.<\/p>\n<h3>Correu postal<\/h3>\n<p><strong>Enviant una carta signada<\/strong> a PROAIGUAS amb les seues dades personals: nom i cognoms, DNI, NIF o NIE, adre\u00e7a postal, n\u00famero de tel\u00e8fon.\u00a0<\/p>\n<p>PROAIGUAS COSTABLANCA, S.A.<\/p>\n<p>A\/A DEPARTAMENT DE QUALITAT<\/p>\n<p>Avinguda d&#8217;Orihuela, 39 &#8211; 03007 Alacant<\/p>\n<h3>Telem\u00e0tica<\/h3>\n<p><strong>Enviant un missatge de correu electr\u00f2nic<\/strong> a la seg\u00fcent adre\u00e7a: jalarcon@diputacionalicante.es<\/p>\n<p>Per a facilitar el tr\u00e0mit pot utilitzar un formulari *autorrellenable de queixa o suggeriment en format PDF (<a href=\"http:\/\/www.proaguas.es\/wp-content\/uploads\/FORMULARIO-DE-RECLAMACION.pdf\" target=\"_blank\" rel=\"noopener\">prema ac\u00ed per a descarregar el formulari<\/a>), i enviar-lo com a arxiu adjunt al missatge.<\/p>\n\r\n","protected":false},"excerpt":{"rendered":"<p>Si considera que ha de dur a terme algun tipus de\u00a0suggeriments, queixa, o felicitaci\u00f3, etc. en relaci\u00f3 amb els serveis que presta PROAIG\u00dcES, pot fer-ho de les seg\u00fcents formes. Correu postal Enviant una carta signada a PROAIGUAS amb les seues dades personals: nom i cognoms, DNI, NIF o NIE, adre\u00e7a postal, n\u00famero de tel\u00e8fon.\u00a0 PROAIGUAS [&hellip;]<\/p>\n","protected":false},"author":3,"featured_media":0,"parent":310,"menu_order":0,"comment_status":"closed","ping_status":"closed","template":"","meta":{"footnotes":""},"class_list":["post-1781","page","type-page","status-publish","hentry"],"_links":{"self":[{"href":"https:\/\/www.proaguas.es\/va\/wp-json\/wp\/v2\/pages\/1781","targetHints":{"allow":["GET"]}}],"collection":[{"href":"https:\/\/www.proaguas.es\/va\/wp-json\/wp\/v2\/pages"}],"about":[{"href":"https:\/\/www.proaguas.es\/va\/wp-json\/wp\/v2\/types\/page"}],"author":[{"embeddable":true,"href":"https:\/\/www.proaguas.es\/va\/wp-json\/wp\/v2\/users\/3"}],"replies":[{"embeddable":true,"href":"https:\/\/www.proaguas.es\/va\/wp-json\/wp\/v2\/comments?post=1781"}],"version-history":[{"count":2,"href":"https:\/\/www.proaguas.es\/va\/wp-json\/wp\/v2\/pages\/1781\/revisions"}],"predecessor-version":[{"id":1785,"href":"https:\/\/www.proaguas.es\/va\/wp-json\/wp\/v2\/pages\/1781\/revisions\/1785"}],"up":[{"embeddable":true,"href":"https:\/\/www.proaguas.es\/va\/wp-json\/wp\/v2\/pages\/310"}],"wp:attachment":[{"href":"https:\/\/www.proaguas.es\/va\/wp-json\/wp\/v2\/media?parent=1781"}],"curies":[{"name":"wp","href":"https:\/\/api.w.org\/{rel}","templated":true}]}}