{"id":183,"date":"2016-09-17T15:21:00","date_gmt":"2016-09-17T15:21:00","guid":{"rendered":"http:\/\/proaguas.dev\/va\/?page_id=183"},"modified":"2016-09-27T18:35:14","modified_gmt":"2016-09-27T18:35:14","slug":"contaminants-organics","status":"publish","type":"page","link":"https:\/\/www.proaguas.es\/va\/servicis\/analisi\/contaminants-organics\/","title":{"rendered":"contaminants org\u00e0nics"},"content":{"rendered":"<p class=\"p1\">En l&#8217;\u00e0rea de cromatografia es duen a terme els assajos de microcontaminants org\u00e0nics en aig\u00fces i fangs, per mitj\u00e0 de t\u00e8cniques normalitzades i amb ajuda d&#8217;equipament d&#8217;avan\u00e7ada tecnologia, que permet detectar redu\u00efts nivells de concentraci\u00f3.<\/p>\n<p class=\"p1\">Tots estos assajos es duen a terme per mitj\u00e0 de distints cromat\u00f2grafs de gasos amb detector d&#8217;espectrometria de masses (simple i triple cuadrupolo)<\/p>\n<p class=\"p1\">Les determinacions cromatogr\u00e0fiques que es realitzen en el laboratori s\u00f3n:<\/p>\n<ul style=\"list-style-type: circle;\">\n<li class=\"li1\">Compostos org\u00e0nics contaminants (plaguicides, compostos org\u00e0nics vol\u00e0tils VOC\u00b4s, PAH\u00b4s, PCB\u00b4s, trihalometanos, BTEX, etc.)<\/li>\n<li class=\"li1\">\u00c0cids grassos vol\u00e0tils.<\/li>\n<li class=\"li1\">Subst\u00e0ncies priorit\u00e0ries i contaminants emergents.<\/li>\n<\/ul>\n","protected":false},"excerpt":{"rendered":"<p>En l&#8217;\u00e0rea de cromatografia es duen a terme els assajos de microcontaminants org\u00e0nics en aig\u00fces i fangs, per mitj\u00e0 de t\u00e8cniques normalitzades i amb ajuda d&#8217;equipament d&#8217;avan\u00e7ada tecnologia, que permet detectar redu\u00efts nivells de concentraci\u00f3. Tots estos assajos es duen a terme per mitj\u00e0 de distints cromat\u00f2grafs de gasos amb detector d&#8217;espectrometria de masses (simple [&hellip;]<\/p>\n","protected":false},"author":3,"featured_media":0,"parent":171,"menu_order":0,"comment_status":"closed","ping_status":"closed","template":"page-templates\/page-full-width.php","meta":{"footnotes":""},"class_list":["post-183","page","type-page","status-publish","hentry"],"_links":{"self":[{"href":"https:\/\/www.proaguas.es\/va\/wp-json\/wp\/v2\/pages\/183","targetHints":{"allow":["GET"]}}],"collection":[{"href":"https:\/\/www.proaguas.es\/va\/wp-json\/wp\/v2\/pages"}],"about":[{"href":"https:\/\/www.proaguas.es\/va\/wp-json\/wp\/v2\/types\/page"}],"author":[{"embeddable":true,"href":"https:\/\/www.proaguas.es\/va\/wp-json\/wp\/v2\/users\/3"}],"replies":[{"embeddable":true,"href":"https:\/\/www.proaguas.es\/va\/wp-json\/wp\/v2\/comments?post=183"}],"version-history":[{"count":2,"href":"https:\/\/www.proaguas.es\/va\/wp-json\/wp\/v2\/pages\/183\/revisions"}],"predecessor-version":[{"id":340,"href":"https:\/\/www.proaguas.es\/va\/wp-json\/wp\/v2\/pages\/183\/revisions\/340"}],"up":[{"embeddable":true,"href":"https:\/\/www.proaguas.es\/va\/wp-json\/wp\/v2\/pages\/171"}],"wp:attachment":[{"href":"https:\/\/www.proaguas.es\/va\/wp-json\/wp\/v2\/media?parent=183"}],"curies":[{"name":"wp","href":"https:\/\/api.w.org\/{rel}","templated":true}]}}