{"id":187,"date":"2016-09-17T15:21:58","date_gmt":"2016-09-17T15:21:58","guid":{"rendered":"http:\/\/proaguas.dev\/va\/?page_id=187"},"modified":"2016-09-27T18:38:44","modified_gmt":"2016-09-27T18:38:44","slug":"gestio-del-servici-dabastiment-daigua-potable-i-clavegueram","status":"publish","type":"page","link":"https:\/\/www.proaguas.es\/va\/servicis\/analisi\/gestio-del-servici-dabastiment-daigua-potable-i-clavegueram\/","title":{"rendered":"Gesti\u00f3 del servici d&#8217;abastiment d&#8217;aigua potable i clavegueram"},"content":{"rendered":"<p class=\"p1\">El desenrotllament d&#8217;esta nova activitat que t\u00e9 com a finalitat \u00faltima aconseguir la prestaci\u00f3 d&#8217;un servici \u00f2ptim d&#8217;abastiment d&#8217;aigua potable i clavegueram, va en concordan\u00e7a amb les noves propostes legislatives de l&#8217;Estat per a la racionalitzaci\u00f3 i sostenibilitat de l&#8217;Administraci\u00f3 Local que potencien el paper de les Diputacions Provincials en la coordinaci\u00f3 dels servicis m\u00ednims obligatoris en els municipis de menys de 20.000 habitants, recolzant als municipis amb menys recursos.<\/p>\n<p class=\"p1\">Aix\u00f2 suposa una millor gesti\u00f3 del servici d&#8217;abastiment domiciliari d&#8217;aigua potable i clavegueram que millorar\u00e0 el servici presado als ciutadans, optimitzant els recursos h\u00eddrics disponibles, planificant les inversions i adaptant-les a les necessitats reals dels municipis i emmarcant-les dins d&#8217;un finan\u00e7ament sostenible conforme establixen les directrius europees.<\/p>\n","protected":false},"excerpt":{"rendered":"<p>El desenrotllament d&#8217;esta nova activitat que t\u00e9 com a finalitat \u00faltima aconseguir la prestaci\u00f3 d&#8217;un servici \u00f2ptim d&#8217;abastiment d&#8217;aigua potable i clavegueram, va en concordan\u00e7a amb les noves propostes legislatives de l&#8217;Estat per a la racionalitzaci\u00f3 i sostenibilitat de l&#8217;Administraci\u00f3 Local que potencien el paper de les Diputacions Provincials en la coordinaci\u00f3 dels servicis m\u00ednims [&hellip;]<\/p>\n","protected":false},"author":3,"featured_media":0,"parent":171,"menu_order":0,"comment_status":"closed","ping_status":"closed","template":"page-templates\/page-full-width.php","meta":{"footnotes":""},"class_list":["post-187","page","type-page","status-publish","hentry"],"_links":{"self":[{"href":"https:\/\/www.proaguas.es\/va\/wp-json\/wp\/v2\/pages\/187","targetHints":{"allow":["GET"]}}],"collection":[{"href":"https:\/\/www.proaguas.es\/va\/wp-json\/wp\/v2\/pages"}],"about":[{"href":"https:\/\/www.proaguas.es\/va\/wp-json\/wp\/v2\/types\/page"}],"author":[{"embeddable":true,"href":"https:\/\/www.proaguas.es\/va\/wp-json\/wp\/v2\/users\/3"}],"replies":[{"embeddable":true,"href":"https:\/\/www.proaguas.es\/va\/wp-json\/wp\/v2\/comments?post=187"}],"version-history":[{"count":2,"href":"https:\/\/www.proaguas.es\/va\/wp-json\/wp\/v2\/pages\/187\/revisions"}],"predecessor-version":[{"id":344,"href":"https:\/\/www.proaguas.es\/va\/wp-json\/wp\/v2\/pages\/187\/revisions\/344"}],"up":[{"embeddable":true,"href":"https:\/\/www.proaguas.es\/va\/wp-json\/wp\/v2\/pages\/171"}],"wp:attachment":[{"href":"https:\/\/www.proaguas.es\/va\/wp-json\/wp\/v2\/media?parent=187"}],"curies":[{"name":"wp","href":"https:\/\/api.w.org\/{rel}","templated":true}]}}