{"id":191,"date":"2016-09-17T15:22:50","date_gmt":"2016-09-17T15:22:50","guid":{"rendered":"http:\/\/proaguas.dev\/va\/?page_id=191"},"modified":"2016-09-27T18:41:34","modified_gmt":"2016-09-27T18:41:34","slug":"metalls","status":"publish","type":"page","link":"https:\/\/www.proaguas.es\/va\/servicis\/analisi\/metalls\/","title":{"rendered":"Metalls"},"content":{"rendered":"<p class=\"p1\"><span class=\"s1\">En l&#8217;\u00e0rea de metalls es duen a terme assajos de detecci\u00f3 i quantificaci\u00f3 de traces de metalls pesants i elements majoritaris en mostres d&#8217;aig\u00fces i fangs, lixiviats i residus per mitj\u00e0 de t\u00e8cniques normalitzades i amb ajuda d&#8217;un equipament altament sofisticat.<\/span><\/p>\n<p class=\"p1\">Estos assajos es duen a terme amb els equips seg\u00fcents:<\/p>\n<ul style=\"list-style-type: circle;\">\n<li class=\"li1\">ICP \u00f2ptic (plasma per adaptament indu\u00eft).<\/li>\n<li class=\"li1\">ICP-MS amb detecci\u00f3 per espectrometria de masses.<\/li>\n<li class=\"li1\">Microones en got tancat (digesti\u00f3).<\/li>\n<\/ul>\n<p><a href=\"https:\/\/www.proaguas.es\/va\/qualitat-i-medi-ambient\/acreditacions-i-certificacions\/\" target=\"_blank\">Acreditacions i certificacions<\/a><\/p>\n","protected":false},"excerpt":{"rendered":"<p>En l&#8217;\u00e0rea de metalls es duen a terme assajos de detecci\u00f3 i quantificaci\u00f3 de traces de metalls pesants i elements majoritaris en mostres d&#8217;aig\u00fces i fangs, lixiviats i residus per mitj\u00e0 de t\u00e8cniques normalitzades i amb ajuda d&#8217;un equipament altament sofisticat. Estos assajos es duen a terme amb els equips seg\u00fcents: ICP \u00f2ptic (plasma per [&hellip;]<\/p>\n","protected":false},"author":3,"featured_media":0,"parent":171,"menu_order":0,"comment_status":"closed","ping_status":"closed","template":"page-templates\/page-full-width.php","meta":{"footnotes":""},"class_list":["post-191","page","type-page","status-publish","hentry"],"_links":{"self":[{"href":"https:\/\/www.proaguas.es\/va\/wp-json\/wp\/v2\/pages\/191","targetHints":{"allow":["GET"]}}],"collection":[{"href":"https:\/\/www.proaguas.es\/va\/wp-json\/wp\/v2\/pages"}],"about":[{"href":"https:\/\/www.proaguas.es\/va\/wp-json\/wp\/v2\/types\/page"}],"author":[{"embeddable":true,"href":"https:\/\/www.proaguas.es\/va\/wp-json\/wp\/v2\/users\/3"}],"replies":[{"embeddable":true,"href":"https:\/\/www.proaguas.es\/va\/wp-json\/wp\/v2\/comments?post=191"}],"version-history":[{"count":3,"href":"https:\/\/www.proaguas.es\/va\/wp-json\/wp\/v2\/pages\/191\/revisions"}],"predecessor-version":[{"id":345,"href":"https:\/\/www.proaguas.es\/va\/wp-json\/wp\/v2\/pages\/191\/revisions\/345"}],"up":[{"embeddable":true,"href":"https:\/\/www.proaguas.es\/va\/wp-json\/wp\/v2\/pages\/171"}],"wp:attachment":[{"href":"https:\/\/www.proaguas.es\/va\/wp-json\/wp\/v2\/media?parent=191"}],"curies":[{"name":"wp","href":"https:\/\/api.w.org\/{rel}","templated":true}]}}