{"id":461,"date":"2016-10-04T16:41:07","date_gmt":"2016-10-04T16:41:07","guid":{"rendered":"http:\/\/www.proaguas.es\/va\/perfil-del-contractant\/anuncios-y-licitaciones\/"},"modified":"2019-02-11T10:46:25","modified_gmt":"2019-02-11T10:46:25","slug":"anuncios-y-licitaciones","status":"publish","type":"page","link":"https:\/\/www.proaguas.es\/va\/perfil-del-contractant\/anuncios-y-licitaciones\/","title":{"rendered":"Anuncis i Licitacions"},"content":{"rendered":"<p>Esta empresa publica els expedients de contractaci\u00f3 en la Plataforma de Contractaci\u00f3 del Sector P\u00fablic.<\/p>\n<p><a href=\"https:\/\/contrataciondelestado.es\/wps\/portal\/plataforma\" target=\"_blank\" rel=\"noopener noreferrer\">ACC\u00c9S PLATAFORMA DE CONTRACTACI\u00d3 DE l&#8217;ESTAT<\/a><\/p>\n","protected":false},"excerpt":{"rendered":"<p>Esta empresa publica els expedients de contractaci\u00f3 en la Plataforma de Contractaci\u00f3 del Sector P\u00fablic. ACC\u00c9S PLATAFORMA DE CONTRACTACI\u00d3 DE l&#8217;ESTAT<\/p>\n","protected":false},"author":3,"featured_media":0,"parent":151,"menu_order":0,"comment_status":"closed","ping_status":"closed","template":"page-templates\/page-full-width.php","meta":{"footnotes":""},"class_list":["post-461","page","type-page","status-publish","hentry"],"_links":{"self":[{"href":"https:\/\/www.proaguas.es\/va\/wp-json\/wp\/v2\/pages\/461","targetHints":{"allow":["GET"]}}],"collection":[{"href":"https:\/\/www.proaguas.es\/va\/wp-json\/wp\/v2\/pages"}],"about":[{"href":"https:\/\/www.proaguas.es\/va\/wp-json\/wp\/v2\/types\/page"}],"author":[{"embeddable":true,"href":"https:\/\/www.proaguas.es\/va\/wp-json\/wp\/v2\/users\/3"}],"replies":[{"embeddable":true,"href":"https:\/\/www.proaguas.es\/va\/wp-json\/wp\/v2\/comments?post=461"}],"version-history":[{"count":52,"href":"https:\/\/www.proaguas.es\/va\/wp-json\/wp\/v2\/pages\/461\/revisions"}],"predecessor-version":[{"id":1465,"href":"https:\/\/www.proaguas.es\/va\/wp-json\/wp\/v2\/pages\/461\/revisions\/1465"}],"up":[{"embeddable":true,"href":"https:\/\/www.proaguas.es\/va\/wp-json\/wp\/v2\/pages\/151"}],"wp:attachment":[{"href":"https:\/\/www.proaguas.es\/va\/wp-json\/wp\/v2\/media?parent=461"}],"curies":[{"name":"wp","href":"https:\/\/api.w.org\/{rel}","templated":true}]}}