{"id":835,"date":"2016-12-06T08:13:19","date_gmt":"2016-12-06T08:13:19","guid":{"rendered":"http:\/\/www.proaguas.es\/va\/?page_id=835"},"modified":"2016-12-06T09:27:30","modified_gmt":"2016-12-06T09:27:30","slug":"analisi-i-control-dinstal%c2%b7lacions","status":"publish","type":"page","link":"https:\/\/www.proaguas.es\/va\/departaments\/analisi-i-control-dinstal%c2%b7lacions\/","title":{"rendered":"An\u00e0lisi i control d&#8217;instal\u00b7lacions"},"content":{"rendered":"<img loading=\"lazy\" decoding=\"async\" class=\"alignnone size-full wp-image-815\" src=\"http:\/\/www.proaguas.es\/wp-content\/uploads\/2016\/10\/RL.jpg\" alt=\"rl\" width=\"1170\" height=\"450\" srcset=\"https:\/\/www.proaguas.es\/wp-content\/uploads\/2016\/10\/RL.jpg 1170w, https:\/\/www.proaguas.es\/wp-content\/uploads\/2016\/10\/RL-300x115.jpg 300w, https:\/\/www.proaguas.es\/wp-content\/uploads\/2016\/10\/RL-768x295.jpg 768w, https:\/\/www.proaguas.es\/wp-content\/uploads\/2016\/10\/RL-1024x394.jpg 1024w, https:\/\/www.proaguas.es\/wp-content\/uploads\/2016\/10\/RL-640x246.jpg 640w\" sizes=\"auto, (max-width: 639px) 98vw, (max-width: 1199px) 64vw, 770px\" \/>\n<p>&nbsp;<\/p>\n<p>El Departament d&#8217;An\u00e0lisi i Control d&#8217;Instal\u00b7lacions de Proaig\u00fces, du a terme labors d&#8217;assessorament, assist\u00e8ncia t\u00e8cnica i control de qualitat en temes relacionats amb el Cicle Integral de l&#8217;Aigua, per a la Diputaci\u00f3 Provincial d&#8217;Alacant i els xicotets municipis de la prov\u00edncia, aix\u00ed com amb altres administracions p\u00fabliques (Entitat P\u00fablica de Sanejament, Mancomunitats, Consorcis, etc.).<\/p>\n<p>Amb la publicaci\u00f3 de la Llei 2\/1992, de 26 de mar\u00e7, del Govern Valenci\u00e0, de sanejament de les aig\u00fces residuals de la Comunitat Valenciana, la Generalitat Valenciana va donar un fort impuls a la millora, restructuraci\u00f3n i construcci\u00f3 de noves depuradores d&#8217;aig\u00fces residuals municipals. Davant de les noves necessitats d&#8217;explotaci\u00f3 i control d&#8217;estes instal\u00b7lacions, s\u00f3n encomanats a Proaig\u00fces treballs d&#8217;Assist\u00e8ncia T\u00e8cnica i Control de depuradores en la prov\u00edncia d&#8217;Alacant. El desenrotllament d&#8217;esta labor ha perm\u00e9s a l&#8217;empresa comptar amb una important especialitzaci\u00f3 t\u00e8cnica en treballs relacionats amb la depuraci\u00f3 d&#8217;aig\u00fces i tot el que comporta.<\/p>\n<p>Proaig\u00fces porta 25 treballant en el Cicle Integral de l&#8217;Aigua. La llarga experi\u00e8ncia i especialitzaci\u00f3 del personal del Departament, ens permet bolcar els coneixements adquirits per a donar servici a la societat en els treballs que en este sentit puga demandar (Control de depuraci\u00f3 d&#8217;aig\u00fces urbanes i industrials, Control de qualitat i an\u00e0lisi d&#8217;aig\u00fces potables, superficials, residuals, etc).<\/p>\n<p class=\"p1\"><a href=\"https:\/\/www.proaguas.es\/va\/empresa\/organigrama\/\">Equip de treball<\/a><\/p>\n<p class=\"p1\">Alguns dels Organismes amb qu\u00e8 col\u00b7laborem en Treballs <strong>d&#8217;Assist\u00e8ncia T\u00e8cnica<\/strong>, s\u00f3n els seg\u00fcents:<\/p>\n<ul>\n<li class=\"li1\">Excma. Diputaci\u00f3 de la Prov\u00edncia d&#8217;Alacant<\/li>\n<li class=\"li1\">Entitat P\u00fablica de Sanejament d&#8217;Aig\u00fces Residuals de la Comunitat Valenciana (Entitat de Sanejament d&#8217;Aigues. EPSAR)<\/li>\n<li class=\"li1\">Xicotets municipis de la prov\u00edncia d&#8217;Alacant<\/li>\n<li class=\"li1\">Comunitats d&#8217;Usuaris d&#8217;Abocaments<\/li>\n<li class=\"li1\">Consorci de la Marina Baixa<\/li>\n<li class=\"li1\">Mancomunitat de L&#8217;Alacant\u00ed<\/li>\n<li class=\"li1\">Mancomunitat de La Vall de Pop<\/li>\n<li class=\"li1\">AENA. Aeroport Civil de Sant Xavier<\/li>\n<li class=\"li1\">Ministeri de Defensa. Ex\u00e8rcit de l&#8217;Aire.<\/li>\n<\/ul>\n<p class=\"p1\">Els \u00e0mbits d&#8217;actuaci\u00f3 en els quals el Departament d&#8217;An\u00e0lisi i Control d&#8217;Instal\u00b7lacions desenrotlla les seues activitats, s\u00f3n els seg\u00fcents:<\/p>\n<ul>\n<li class=\"li1\"><a href=\"https:\/\/www.proaguas.es\/va\/servicis\/analisi-i-control-dinstal%c2%b7lacions\/aigues-de-consum\/\">Aig\u00fces de Consum<\/a><\/li>\n<li class=\"li1\"><a href=\"https:\/\/www.proaguas.es\/servicios\/analisis-y-control-de-instalaciones\/aguas-continentales-superficiales-y-subterraneas\/\"><span class=\"s2\">Aig\u00fces Continentals superficials i subterr\u00e0nies.<\/span><\/a><\/li>\n<li class=\"li1\"><a href=\"https:\/\/www.proaguas.es\/va\/servicis\/analisi-i-control-dinstal%c2%b7lacions\/aigues-marines-de-bany-i-piscina\/\">Aig\u00fces Marines, de Bany i Piscines<\/a><\/li>\n<li class=\"li1\"><a href=\"https:\/\/www.proaguas.es\/va\/servicis\/analisi-i-control-dinstal%c2%b7lacions\/aigues-residuals\/\">Aig\u00fces Residuals<\/a><\/li>\n<li class=\"li1\"><a href=\"https:\/\/www.proaguas.es\/va\/servicis\/analisi-i-control-dinstal%c2%b7lacions\/aigues-de-reg\/\">Aig\u00fces de Reg<\/a><\/li>\n<li class=\"li1\"><a href=\"https:\/\/www.proaguas.es\/va\/servicis\/analisi-i-control-dinstal%c2%b7lacions\/fangs-i-residus\/\">Fangs i Residus<\/a><\/li>\n<\/ul>\n","protected":false},"excerpt":{"rendered":"<p>&nbsp; El Departament d&#8217;An\u00e0lisi i Control d&#8217;Instal\u00b7lacions de Proaig\u00fces, du a terme labors d&#8217;assessorament, assist\u00e8ncia t\u00e8cnica i control de qualitat en temes relacionats amb el Cicle Integral de l&#8217;Aigua, per a la Diputaci\u00f3 Provincial d&#8217;Alacant i els xicotets municipis de la prov\u00edncia, aix\u00ed com amb altres administracions p\u00fabliques (Entitat P\u00fablica de Sanejament, Mancomunitats, Consorcis, etc.). [&hellip;]<\/p>\n","protected":false},"author":3,"featured_media":0,"parent":833,"menu_order":0,"comment_status":"closed","ping_status":"closed","template":"page-templates\/page-full-width.php","meta":{"footnotes":""},"class_list":["post-835","page","type-page","status-publish","hentry"],"_links":{"self":[{"href":"https:\/\/www.proaguas.es\/va\/wp-json\/wp\/v2\/pages\/835","targetHints":{"allow":["GET"]}}],"collection":[{"href":"https:\/\/www.proaguas.es\/va\/wp-json\/wp\/v2\/pages"}],"about":[{"href":"https:\/\/www.proaguas.es\/va\/wp-json\/wp\/v2\/types\/page"}],"author":[{"embeddable":true,"href":"https:\/\/www.proaguas.es\/va\/wp-json\/wp\/v2\/users\/3"}],"replies":[{"embeddable":true,"href":"https:\/\/www.proaguas.es\/va\/wp-json\/wp\/v2\/comments?post=835"}],"version-history":[{"count":4,"href":"https:\/\/www.proaguas.es\/va\/wp-json\/wp\/v2\/pages\/835\/revisions"}],"predecessor-version":[{"id":857,"href":"https:\/\/www.proaguas.es\/va\/wp-json\/wp\/v2\/pages\/835\/revisions\/857"}],"up":[{"embeddable":true,"href":"https:\/\/www.proaguas.es\/va\/wp-json\/wp\/v2\/pages\/833"}],"wp:attachment":[{"href":"https:\/\/www.proaguas.es\/va\/wp-json\/wp\/v2\/media?parent=835"}],"curies":[{"name":"wp","href":"https:\/\/api.w.org\/{rel}","templated":true}]}}