{"id":844,"date":"2016-12-06T08:39:27","date_gmt":"2016-12-06T08:39:27","guid":{"rendered":"http:\/\/www.proaguas.es\/va\/?page_id=844"},"modified":"2016-12-06T08:42:02","modified_gmt":"2016-12-06T08:42:02","slug":"aigues-continentals-superficials-i-subterranies","status":"publish","type":"page","link":"https:\/\/www.proaguas.es\/va\/servicis\/analisi-i-control-dinstal%c2%b7lacions\/aigues-continentals-superficials-i-subterranies\/","title":{"rendered":"AIG\u00dcES CONTINENTALS SUPERFICIALS I SUBTERR\u00c0NIES"},"content":{"rendered":"<div class=\"row\">\n<p class=\"text-center\">AIG\u00dcES CONTINENTALS SUPERFICIALS I SUBTERR\u00c0NIES<\/p>\n<div class=\"small-12 large-7 medium-7 columns\"><img loading=\"lazy\" decoding=\"async\" class=\"alignnone size-full wp-image-716\" src=\"http:\/\/www.proaguas.es\/wp-content\/uploads\/2016\/10\/Embalse-guadalest.jpg\" alt=\"embalse-guadalest\" width=\"1170\" height=\"659\" srcset=\"https:\/\/www.proaguas.es\/wp-content\/uploads\/2016\/10\/Embalse-guadalest.jpg 1170w, https:\/\/www.proaguas.es\/wp-content\/uploads\/2016\/10\/Embalse-guadalest-300x169.jpg 300w, https:\/\/www.proaguas.es\/wp-content\/uploads\/2016\/10\/Embalse-guadalest-768x433.jpg 768w, https:\/\/www.proaguas.es\/wp-content\/uploads\/2016\/10\/Embalse-guadalest-1024x577.jpg 1024w, https:\/\/www.proaguas.es\/wp-content\/uploads\/2016\/10\/Embalse-guadalest-640x360.jpg 640w\" sizes=\"auto, (max-width: 639px) 98vw, (max-width: 1199px) 64vw, 770px\" \/><\/div>\n<div class=\"small-12 large-5 medium-5 columns\">\n<ul>\n<li class=\"li1\">Planificaci\u00f3, vigil\u00e0ncia i Control anal\u00edtic d&#8217;aig\u00fces continentals superficials y\/o subterr\u00e0nies.<\/li>\n<\/ul>\n<ul>\n<li class=\"li1\">Control de qualitat d&#8217;aig\u00fces prepotables, dep\u00f2sits, pous, brolladors, fonts naturals, llits.<\/li>\n<\/ul>\n<ul>\n<li class=\"li1\">Manteniment de la xarxa de control de la qualitat qu\u00edmica de les aig\u00fces continentals<\/li>\n<\/ul>\n<ul>\n<li class=\"li1\">Avaluaci\u00f3 de la qualitat de les masses d&#8217;aig\u00fces continentals.<\/li>\n<\/ul>\n<ul>\n<li class=\"li1\">Manteniment de la xarxa de control de la qualitat qu\u00edmica de les aig\u00fces continentals de la Prov\u00edncia d&#8217;Alacant.<\/li>\n<\/ul>\n<ul>\n<li class=\"li1\">Estudi de la Qualitat de l&#8217;Aigua destinada a abastiment<\/li>\n<\/ul>\n<\/div>\n<\/div>\n","protected":false},"excerpt":{"rendered":"<p>AIG\u00dcES CONTINENTALS SUPERFICIALS I SUBTERR\u00c0NIES Planificaci\u00f3, vigil\u00e0ncia i Control anal\u00edtic d&#8217;aig\u00fces continentals superficials y\/o subterr\u00e0nies. Control de qualitat d&#8217;aig\u00fces prepotables, dep\u00f2sits, pous, brolladors, fonts naturals, llits. Manteniment de la xarxa de control de la qualitat qu\u00edmica de les aig\u00fces continentals Avaluaci\u00f3 de la qualitat de les masses d&#8217;aig\u00fces continentals. Manteniment de la xarxa de control [&hellip;]<\/p>\n","protected":false},"author":3,"featured_media":0,"parent":159,"menu_order":0,"comment_status":"closed","ping_status":"closed","template":"page-templates\/page-full-width.php","meta":{"footnotes":""},"class_list":["post-844","page","type-page","status-publish","hentry"],"_links":{"self":[{"href":"https:\/\/www.proaguas.es\/va\/wp-json\/wp\/v2\/pages\/844","targetHints":{"allow":["GET"]}}],"collection":[{"href":"https:\/\/www.proaguas.es\/va\/wp-json\/wp\/v2\/pages"}],"about":[{"href":"https:\/\/www.proaguas.es\/va\/wp-json\/wp\/v2\/types\/page"}],"author":[{"embeddable":true,"href":"https:\/\/www.proaguas.es\/va\/wp-json\/wp\/v2\/users\/3"}],"replies":[{"embeddable":true,"href":"https:\/\/www.proaguas.es\/va\/wp-json\/wp\/v2\/comments?post=844"}],"version-history":[{"count":1,"href":"https:\/\/www.proaguas.es\/va\/wp-json\/wp\/v2\/pages\/844\/revisions"}],"predecessor-version":[{"id":845,"href":"https:\/\/www.proaguas.es\/va\/wp-json\/wp\/v2\/pages\/844\/revisions\/845"}],"up":[{"embeddable":true,"href":"https:\/\/www.proaguas.es\/va\/wp-json\/wp\/v2\/pages\/159"}],"wp:attachment":[{"href":"https:\/\/www.proaguas.es\/va\/wp-json\/wp\/v2\/media?parent=844"}],"curies":[{"name":"wp","href":"https:\/\/api.w.org\/{rel}","templated":true}]}}