{"id":846,"date":"2016-12-06T08:46:39","date_gmt":"2016-12-06T08:46:39","guid":{"rendered":"http:\/\/www.proaguas.es\/va\/?page_id=846"},"modified":"2016-12-06T08:46:39","modified_gmt":"2016-12-06T08:46:39","slug":"aigues-de-consum","status":"publish","type":"page","link":"https:\/\/www.proaguas.es\/va\/servicis\/analisi-i-control-dinstal%c2%b7lacions\/aigues-de-consum\/","title":{"rendered":"Aig\u00fces de Consum"},"content":{"rendered":"<img loading=\"lazy\" decoding=\"async\" class=\"aligncenter size-full wp-image-712\" src=\"http:\/\/www.proaguas.es\/wp-content\/uploads\/2016\/10\/2009-dep-agost-IMG_0058-1.jpg\" alt=\"2009-dep-agost-img_0058-1\" width=\"1170\" height=\"508\" srcset=\"https:\/\/www.proaguas.es\/wp-content\/uploads\/2016\/10\/2009-dep-agost-IMG_0058-1.jpg 1170w, https:\/\/www.proaguas.es\/wp-content\/uploads\/2016\/10\/2009-dep-agost-IMG_0058-1-300x130.jpg 300w, https:\/\/www.proaguas.es\/wp-content\/uploads\/2016\/10\/2009-dep-agost-IMG_0058-1-768x333.jpg 768w, https:\/\/www.proaguas.es\/wp-content\/uploads\/2016\/10\/2009-dep-agost-IMG_0058-1-1024x445.jpg 1024w, https:\/\/www.proaguas.es\/wp-content\/uploads\/2016\/10\/2009-dep-agost-IMG_0058-1-640x278.jpg 640w\" sizes=\"auto, (max-width: 639px) 98vw, (max-width: 1199px) 64vw, 770px\" \/>\n<p><strong>AIG\u00dcES DE CONSUM<\/strong><\/p>\n<ul style=\"list-style-type: disc;\">\n<li>Treballs de Planificaci\u00f3 i Control de la qualitat de l&#8217;aigua de consum en sistemes d&#8217;abastiment, segons Reial Decret 140\/2003.\n<ul style=\"list-style-type: disc;\">\n<li>Pozos d&#8217;aig\u00fces prepotables<\/li>\n<li>Dep\u00f2sits<\/li>\n<li>Xarxes de distribuci\u00f3<\/li>\n<li>Aixeta del consumidor<\/li>\n<\/ul>\n<\/li>\n<\/ul>\n<ul style=\"list-style-type: disc;\">\n<li>Elaboraci\u00f3 i Actualitzaci\u00f3 de Protocols d&#8217;Autocontrol i Gesti\u00f3 d&#8217;abastiments d&#8217;aigua de consum<\/li>\n<li>Gesti\u00f3 de resultats anal\u00edtics d&#8217;aig\u00fces de consum, per a la seua inclusi\u00f3 en el Sistema d&#8217;Informaci\u00f3 Nacional d&#8217;Aigua de Consum (SINAC).<\/li>\n<li>Assist\u00e8ncia T\u00e8cnica i control de sistemes de potabilitzaci\u00f3 de l&#8217;aigua de consum p\u00fablic per a xicotetes poblacions.<\/li>\n<li>Assist\u00e8ncia t\u00e8cnica per a assessorament i regulaci\u00f3 de sistemes de cloraci\u00f3 de l&#8217;aigua, en compliment amb la Normativa aplicable en cada cas.<\/li>\n<li>Planificaci\u00f3 i Control de qualitat de l&#8217;aigua en punts cr\u00edtics de municipis i particulars en prevenci\u00f3 de legionel\u00b7losi, segons RD 865\/2003\n<ul>\n<li class=\"li1\">Instal\u00b7lacions d&#8217;abastiment i distribuci\u00f3 d&#8217;aigua de consum: Sistemes d&#8217;Aigua freda- calenta de terminals.<\/li>\n<li class=\"li1\">Fonts ornamentals<\/li>\n<li class=\"li1\">Sistemes de reg, etc<\/li>\n<\/ul>\n<p style=\"padding-left: 30px;\">\n<\/li>\n<\/ul>\n","protected":false},"excerpt":{"rendered":"<p>AIG\u00dcES DE CONSUM Treballs de Planificaci\u00f3 i Control de la qualitat de l&#8217;aigua de consum en sistemes d&#8217;abastiment, segons Reial Decret 140\/2003. Pozos d&#8217;aig\u00fces prepotables Dep\u00f2sits Xarxes de distribuci\u00f3 Aixeta del consumidor Elaboraci\u00f3 i Actualitzaci\u00f3 de Protocols d&#8217;Autocontrol i Gesti\u00f3 d&#8217;abastiments d&#8217;aigua de consum Gesti\u00f3 de resultats anal\u00edtics d&#8217;aig\u00fces de consum, per a la seua [&hellip;]<\/p>\n","protected":false},"author":3,"featured_media":0,"parent":159,"menu_order":0,"comment_status":"closed","ping_status":"closed","template":"page-templates\/page-full-width.php","meta":{"footnotes":""},"class_list":["post-846","page","type-page","status-publish","hentry"],"_links":{"self":[{"href":"https:\/\/www.proaguas.es\/va\/wp-json\/wp\/v2\/pages\/846","targetHints":{"allow":["GET"]}}],"collection":[{"href":"https:\/\/www.proaguas.es\/va\/wp-json\/wp\/v2\/pages"}],"about":[{"href":"https:\/\/www.proaguas.es\/va\/wp-json\/wp\/v2\/types\/page"}],"author":[{"embeddable":true,"href":"https:\/\/www.proaguas.es\/va\/wp-json\/wp\/v2\/users\/3"}],"replies":[{"embeddable":true,"href":"https:\/\/www.proaguas.es\/va\/wp-json\/wp\/v2\/comments?post=846"}],"version-history":[{"count":1,"href":"https:\/\/www.proaguas.es\/va\/wp-json\/wp\/v2\/pages\/846\/revisions"}],"predecessor-version":[{"id":847,"href":"https:\/\/www.proaguas.es\/va\/wp-json\/wp\/v2\/pages\/846\/revisions\/847"}],"up":[{"embeddable":true,"href":"https:\/\/www.proaguas.es\/va\/wp-json\/wp\/v2\/pages\/159"}],"wp:attachment":[{"href":"https:\/\/www.proaguas.es\/va\/wp-json\/wp\/v2\/media?parent=846"}],"curies":[{"name":"wp","href":"https:\/\/api.w.org\/{rel}","templated":true}]}}