{"id":850,"date":"2016-12-06T08:52:17","date_gmt":"2016-12-06T08:52:17","guid":{"rendered":"http:\/\/www.proaguas.es\/va\/?page_id=850"},"modified":"2016-12-06T08:52:17","modified_gmt":"2016-12-06T08:52:17","slug":"aigues-marines-de-bany-i-piscina","status":"publish","type":"page","link":"https:\/\/www.proaguas.es\/va\/servicis\/analisi-i-control-dinstal%c2%b7lacions\/aigues-marines-de-bany-i-piscina\/","title":{"rendered":"Aig\u00fces marines, de bany i piscina"},"content":{"rendered":"<div class=\"row\">\n<p class=\"text-center\"><strong>AIG\u00dcES MARINES, DE BANY I PISCINA<\/strong><\/p>\n<div class=\"small-12 large-7 medium-7 columns\"><img loading=\"lazy\" decoding=\"async\" class=\"alignnone size-full wp-image-727\" src=\"http:\/\/www.proaguas.es\/wp-content\/uploads\/2016\/10\/AGUASMARINAS2-1.jpg\" alt=\"aguasmarinas2-1\" width=\"800\" height=\"600\" srcset=\"https:\/\/www.proaguas.es\/wp-content\/uploads\/2016\/10\/AGUASMARINAS2-1.jpg 800w, https:\/\/www.proaguas.es\/wp-content\/uploads\/2016\/10\/AGUASMARINAS2-1-300x225.jpg 300w, https:\/\/www.proaguas.es\/wp-content\/uploads\/2016\/10\/AGUASMARINAS2-1-768x576.jpg 768w, https:\/\/www.proaguas.es\/wp-content\/uploads\/2016\/10\/AGUASMARINAS2-1-640x480.jpg 640w\" sizes=\"auto, (max-width: 639px) 98vw, (max-width: 1199px) 64vw, 770px\" \/><\/div>\n<div class=\"small-12 large-5 medium-5 columns\">\n<ul>\n<li class=\"li1\">Planificaci\u00f3 i Control anal\u00edtic d&#8217;aig\u00fces de piscines segons RD 742\/2013 i Decret 97\/2000, 13 juny.<\/li>\n<\/ul>\n<ul>\n<li class=\"li1\">Control anal\u00edtic de les aig\u00fces de bany segons el Reial Decret 1341\/2007.<\/li>\n<\/ul>\n<ul>\n<li class=\"li1\">Control de qualitat d&#8217;aig\u00fces costaneres, de transici\u00f3 i interiors segons la Directiva Marco de l&#8217;Aigua.<\/li>\n<\/ul>\n<ul>\n<li class=\"li1\">Caracteritzaci\u00f3 anal\u00edtica d&#8217;abocaments al mar i en zones portu\u00e0ries.<\/li>\n<\/ul>\n<\/div>\n<\/div>\n","protected":false},"excerpt":{"rendered":"<p>AIG\u00dcES MARINES, DE BANY I PISCINA Planificaci\u00f3 i Control anal\u00edtic d&#8217;aig\u00fces de piscines segons RD 742\/2013 i Decret 97\/2000, 13 juny. Control anal\u00edtic de les aig\u00fces de bany segons el Reial Decret 1341\/2007. Control de qualitat d&#8217;aig\u00fces costaneres, de transici\u00f3 i interiors segons la Directiva Marco de l&#8217;Aigua. Caracteritzaci\u00f3 anal\u00edtica d&#8217;abocaments al mar i en [&hellip;]<\/p>\n","protected":false},"author":3,"featured_media":0,"parent":159,"menu_order":0,"comment_status":"closed","ping_status":"closed","template":"page-templates\/page-full-width.php","meta":{"footnotes":""},"class_list":["post-850","page","type-page","status-publish","hentry"],"_links":{"self":[{"href":"https:\/\/www.proaguas.es\/va\/wp-json\/wp\/v2\/pages\/850","targetHints":{"allow":["GET"]}}],"collection":[{"href":"https:\/\/www.proaguas.es\/va\/wp-json\/wp\/v2\/pages"}],"about":[{"href":"https:\/\/www.proaguas.es\/va\/wp-json\/wp\/v2\/types\/page"}],"author":[{"embeddable":true,"href":"https:\/\/www.proaguas.es\/va\/wp-json\/wp\/v2\/users\/3"}],"replies":[{"embeddable":true,"href":"https:\/\/www.proaguas.es\/va\/wp-json\/wp\/v2\/comments?post=850"}],"version-history":[{"count":1,"href":"https:\/\/www.proaguas.es\/va\/wp-json\/wp\/v2\/pages\/850\/revisions"}],"predecessor-version":[{"id":851,"href":"https:\/\/www.proaguas.es\/va\/wp-json\/wp\/v2\/pages\/850\/revisions\/851"}],"up":[{"embeddable":true,"href":"https:\/\/www.proaguas.es\/va\/wp-json\/wp\/v2\/pages\/159"}],"wp:attachment":[{"href":"https:\/\/www.proaguas.es\/va\/wp-json\/wp\/v2\/media?parent=850"}],"curies":[{"name":"wp","href":"https:\/\/api.w.org\/{rel}","templated":true}]}}