{"id":852,"date":"2016-12-06T08:57:23","date_gmt":"2016-12-06T08:57:23","guid":{"rendered":"http:\/\/www.proaguas.es\/va\/?page_id=852"},"modified":"2016-12-06T08:57:23","modified_gmt":"2016-12-06T08:57:23","slug":"aigues-residuals","status":"publish","type":"page","link":"https:\/\/www.proaguas.es\/va\/servicis\/analisi-i-control-dinstal%c2%b7lacions\/aigues-residuals\/","title":{"rendered":"Aig\u00fces residuals"},"content":{"rendered":"<div class=\"row\">\n<p class=\"text-center\">AIG\u00dcES RESIDUALS<\/p>\n<div class=\"small-12 large-4 medium-4 columns\">\n<img loading=\"lazy\" decoding=\"async\" class=\"alignnone size-full wp-image-795\" src=\"http:\/\/www.proaguas.es\/wp-content\/uploads\/2016\/10\/000_1745.jpg\" alt=\"000_1745\" width=\"816\" height=\"616\" srcset=\"https:\/\/www.proaguas.es\/wp-content\/uploads\/2016\/10\/000_1745.jpg 816w, https:\/\/www.proaguas.es\/wp-content\/uploads\/2016\/10\/000_1745-300x226.jpg 300w, https:\/\/www.proaguas.es\/wp-content\/uploads\/2016\/10\/000_1745-768x580.jpg 768w, https:\/\/www.proaguas.es\/wp-content\/uploads\/2016\/10\/000_1745-640x483.jpg 640w\" sizes=\"auto, (max-width: 639px) 98vw, (max-width: 1199px) 64vw, 770px\" \/>\n<\/div>\n<div class=\"small-12 large-8 medium-8 columns\">\n<ul>\n<li class=\"li1\">Disseny i Assessorament t\u00e8cnic de depuradores.<\/li>\n<\/ul>\n<ul>\n<li class=\"li1\">Tr\u00e0mit de Sol\u00b7licitud a les Confederacions Hidrogr\u00e0fiques, d&#8217;Autoritzaci\u00f3 d&#8217;abocament a llit per a depuradores d&#8217;aig\u00fces residuals.<\/li>\n<\/ul>\n<ul>\n<li class=\"li1\">Control dels l\u00edmits d&#8217;abocament autoritzat per la Confederaci\u00f3 a les depuradores.<\/li>\n<\/ul>\n<ul>\n<li class=\"li1\">Assist\u00e8ncia T\u00e8cnica i An\u00e0lisi de l&#8217;efluent de l&#8217;Autocontrol de les Depuradores Unifamiliars, en el seu compliment dels l\u00edmits de la seua Autoritzaci\u00f3 d&#8217;Abocament.<\/li>\n<\/ul>\n<ul>\n<li class=\"li1\">Caracteritzaci\u00f3 d&#8217;abocaments industrials per a gestor autoritzat.<\/li>\n<\/ul>\n<ul>\n<li class=\"li1\">An\u00e0lisi i caracteritzaci\u00f3 microbiol\u00f2gica de fangs actius en sistemes de depuraci\u00f3 \/ An\u00e0lisi i caracteritzaci\u00f3 del proc\u00e9s biol\u00f2gic de depuraci\u00f3.<\/li>\n<\/ul>\n<ul>\n<li class=\"li1\">Gesti\u00f3 de Sol\u00b7licitud a l&#8217;EPSAR d&#8217;abocament directe a EDAR. Caracteritzaci\u00f3 de l&#8217;abocament sol\u00b7licitat.<\/li>\n<\/ul>\n<ul>\n<li class=\"li1\"><span class=\"s2\">Treballs per a compliment de l&#8217;impr\u00e9s MD-301 sobre producci\u00f3 d&#8217;aig\u00fces residuals: Assessorament, Mostratge i Caracteritzaci\u00f3 de l&#8217;abocament per a c\u00e0lcul del C\u00e0non de Sanejament.<\/span><\/li>\n<\/ul>\n<ul>\n<li class=\"li1\">Elaboraci\u00f3 de Certificats d&#8217;Aig\u00fces Sanit\u00e0ries.<\/li>\n<\/ul>\n<ul>\n<li class=\"li1\">Assist\u00e8ncia T\u00e8cnica de Control del funcionament d&#8217;Instal\u00b7lacions depuradores d&#8217;aig\u00fces residuals urbanes i industrials.<\/li>\n<\/ul>\n<ul>\n<li class=\"li1\">Disseny i execuci\u00f3 de Plans de Control d&#8217;Abocaments a la xarxa de clavegueram municipal.<\/li>\n<\/ul>\n<ul>\n<li class=\"li1\">Mostratge i Assist\u00e8ncia T\u00e8cnica en el compliment dels l\u00edmits d&#8217;abocament autoritzats per la Confederaci\u00f3 Hidrogr\u00e0fica, per a les aig\u00fces residuals a llit.<\/li>\n<\/ul>\n<ul>\n<li class=\"li1\">Disseny de Sistemes de depuraci\u00f3 biol\u00f2gica.<\/li>\n<\/ul>\n<ul>\n<li class=\"li1\">Disseny de tractaments terciaris.<\/li>\n<\/ul>\n<\/div>\n<\/div>\n","protected":false},"excerpt":{"rendered":"<p>AIG\u00dcES RESIDUALS Disseny i Assessorament t\u00e8cnic de depuradores. Tr\u00e0mit de Sol\u00b7licitud a les Confederacions Hidrogr\u00e0fiques, d&#8217;Autoritzaci\u00f3 d&#8217;abocament a llit per a depuradores d&#8217;aig\u00fces residuals. Control dels l\u00edmits d&#8217;abocament autoritzat per la Confederaci\u00f3 a les depuradores. Assist\u00e8ncia T\u00e8cnica i An\u00e0lisi de l&#8217;efluent de l&#8217;Autocontrol de les Depuradores Unifamiliars, en el seu compliment dels l\u00edmits de la [&hellip;]<\/p>\n","protected":false},"author":3,"featured_media":0,"parent":159,"menu_order":0,"comment_status":"closed","ping_status":"closed","template":"page-templates\/page-full-width.php","meta":{"footnotes":""},"class_list":["post-852","page","type-page","status-publish","hentry"],"_links":{"self":[{"href":"https:\/\/www.proaguas.es\/va\/wp-json\/wp\/v2\/pages\/852","targetHints":{"allow":["GET"]}}],"collection":[{"href":"https:\/\/www.proaguas.es\/va\/wp-json\/wp\/v2\/pages"}],"about":[{"href":"https:\/\/www.proaguas.es\/va\/wp-json\/wp\/v2\/types\/page"}],"author":[{"embeddable":true,"href":"https:\/\/www.proaguas.es\/va\/wp-json\/wp\/v2\/users\/3"}],"replies":[{"embeddable":true,"href":"https:\/\/www.proaguas.es\/va\/wp-json\/wp\/v2\/comments?post=852"}],"version-history":[{"count":1,"href":"https:\/\/www.proaguas.es\/va\/wp-json\/wp\/v2\/pages\/852\/revisions"}],"predecessor-version":[{"id":853,"href":"https:\/\/www.proaguas.es\/va\/wp-json\/wp\/v2\/pages\/852\/revisions\/853"}],"up":[{"embeddable":true,"href":"https:\/\/www.proaguas.es\/va\/wp-json\/wp\/v2\/pages\/159"}],"wp:attachment":[{"href":"https:\/\/www.proaguas.es\/va\/wp-json\/wp\/v2\/media?parent=852"}],"curies":[{"name":"wp","href":"https:\/\/api.w.org\/{rel}","templated":true}]}}