{"id":854,"date":"2016-12-06T08:59:35","date_gmt":"2016-12-06T08:59:35","guid":{"rendered":"http:\/\/www.proaguas.es\/va\/?page_id=854"},"modified":"2016-12-06T08:59:35","modified_gmt":"2016-12-06T08:59:35","slug":"fangs-i-residus","status":"publish","type":"page","link":"https:\/\/www.proaguas.es\/va\/servicis\/analisi-i-control-dinstal%c2%b7lacions\/fangs-i-residus\/","title":{"rendered":"Fangs i residus"},"content":{"rendered":"<div class=\"row\">\n<p class=\"text-center\"><strong>FANGS I RESIDUS<\/strong><\/p>\n<div class=\"small-12 large-6 medium-6 columns\"><img loading=\"lazy\" decoding=\"async\" class=\"alignnone size-full wp-image-797\" src=\"http:\/\/www.proaguas.es\/wp-content\/uploads\/2016\/10\/ENLACEFOTO_20110609_123724-S.jpg\" alt=\"enlacefoto_20110609_123724-s\" width=\"601\" height=\"361\" srcset=\"https:\/\/www.proaguas.es\/wp-content\/uploads\/2016\/10\/ENLACEFOTO_20110609_123724-S.jpg 601w, https:\/\/www.proaguas.es\/wp-content\/uploads\/2016\/10\/ENLACEFOTO_20110609_123724-S-300x180.jpg 300w\" sizes=\"auto, (max-width: 639px) 98vw, (max-width: 1199px) 64vw, 601px\" \/><\/div>\n<div class=\"small-12 large-6 medium-6 columns\">\n<ul>\n<li class=\"li1\">Caracteritzaci\u00f3 de fangs de depuradora per a \u00fas agr\u00edcola.<\/li>\n<\/ul>\n<ul>\n<li class=\"li1\">Assist\u00e8ncia t\u00e8cnica en abocadors:\n<ul>\n<li class=\"li1\">Caracteritzaci\u00f3 de residus, fangs i lixiviats.<\/li>\n<li class=\"li1\">Mostratge i an\u00e0lisi de piez\u00f2metres<\/li>\n<\/ul>\n<\/li>\n<\/ul>\n<ul>\n<li class=\"li1\">Caracteritzaci\u00f3 de fangs per a admissi\u00f3 en abocador de residus.<\/li>\n<\/ul>\n<\/div>\n<\/div>\n","protected":false},"excerpt":{"rendered":"<p>FANGS I RESIDUS Caracteritzaci\u00f3 de fangs de depuradora per a \u00fas agr\u00edcola. Assist\u00e8ncia t\u00e8cnica en abocadors: Caracteritzaci\u00f3 de residus, fangs i lixiviats. Mostratge i an\u00e0lisi de piez\u00f2metres Caracteritzaci\u00f3 de fangs per a admissi\u00f3 en abocador de residus.<\/p>\n","protected":false},"author":3,"featured_media":0,"parent":159,"menu_order":0,"comment_status":"closed","ping_status":"closed","template":"page-templates\/page-full-width.php","meta":{"footnotes":""},"class_list":["post-854","page","type-page","status-publish","hentry"],"_links":{"self":[{"href":"https:\/\/www.proaguas.es\/va\/wp-json\/wp\/v2\/pages\/854","targetHints":{"allow":["GET"]}}],"collection":[{"href":"https:\/\/www.proaguas.es\/va\/wp-json\/wp\/v2\/pages"}],"about":[{"href":"https:\/\/www.proaguas.es\/va\/wp-json\/wp\/v2\/types\/page"}],"author":[{"embeddable":true,"href":"https:\/\/www.proaguas.es\/va\/wp-json\/wp\/v2\/users\/3"}],"replies":[{"embeddable":true,"href":"https:\/\/www.proaguas.es\/va\/wp-json\/wp\/v2\/comments?post=854"}],"version-history":[{"count":1,"href":"https:\/\/www.proaguas.es\/va\/wp-json\/wp\/v2\/pages\/854\/revisions"}],"predecessor-version":[{"id":855,"href":"https:\/\/www.proaguas.es\/va\/wp-json\/wp\/v2\/pages\/854\/revisions\/855"}],"up":[{"embeddable":true,"href":"https:\/\/www.proaguas.es\/va\/wp-json\/wp\/v2\/pages\/159"}],"wp:attachment":[{"href":"https:\/\/www.proaguas.es\/va\/wp-json\/wp\/v2\/media?parent=854"}],"curies":[{"name":"wp","href":"https:\/\/api.w.org\/{rel}","templated":true}]}}