{"id":95,"date":"2016-09-09T18:07:07","date_gmt":"2016-09-09T18:07:07","guid":{"rendered":"http:\/\/proaguas.dev\/?page_id=95"},"modified":"2024-06-14T11:22:34","modified_gmt":"2024-06-14T11:22:34","slug":"organigrama","status":"publish","type":"page","link":"https:\/\/www.proaguas.es\/va\/empresa\/organigrama\/","title":{"rendered":"Organigrama"},"content":{"rendered":"<p>Per a aconseguir un efica\u00e7 exercici de les distintes l\u00ednies d&#8217;actuaci\u00f3 dutes a terme, s&#8217;ha establit una organitzaci\u00f3 d&#8217;acord amb els treballs desenrotllats per l&#8217;empresa, concretament:<\/p>\n<ul>\n<li class=\"li1\"><strong>Ger\u00e8ncia<\/strong><\/li>\n<\/ul>\n<p class=\"p2\"><span class=\"s2\">Gerent: Miguel Ortiz Zaragoza. <span style=\"color: #ffffff;\">Email: <\/span><\/span><\/p>\n<ul>\n<li class=\"li1\"><strong>Departament Econ\u00f2mic i d&#8217;Administraci\u00f3:<\/strong><\/li>\n<\/ul>\n<p>Responsable: Fco. Javier Orts Pascual Email:\u00a0<a href=\"mailto:jortsp@diputacionalicante.es\"><span class=\"s3\">jortsp@diputacionalicante.es<\/span><\/a><\/p>\n<ul>\n<li class=\"li1\"><strong>Responsable Jur\u00eddic i Contractaci\u00f3<\/strong><\/li>\n<\/ul>\n<p class=\"p2\"><span class=\"s2\">Responsable: Antonio Fuentes Jim\u00e9nez. Email: <a href=\"mailto:afuentes@diputacionalicante.es\"><span class=\"s3\">afuentes@diputacionalicante.es<\/span><\/a><\/span><\/p>\n<p class=\"p1\"><strong>Departament de Qualitat i Medi Ambient<\/strong><\/p>\n<p class=\"p1\"><span class=\"s1\">Responsable: Jos\u00e9 Luis Alarc\u00f3n Escribano Email:\u00a0<a href=\"mailto:jalarcon@diputacionalicante.es\"><span class=\"s2\">jalarcon@diputacionalicante.es<\/span><\/a><\/span><\/p>\n<ul>\n<li class=\"li1\"><strong>Departament de Projectes i Obres:<\/strong><\/li>\n<\/ul>\n<p><span class=\"s2\">Responsable: Rafael P\u00e9rez Ochoa Email:\u00a0<a href=\"mailto:rpochoa@diputacionalicante.es\"><span class=\"s3\">rpochoa@diputacionalicante.es<\/span><\/a><\/span><\/p>\n<ul>\n<li style=\"list-style-type: none;\">\n<ul>\n<li>\u00a0\u00c0rea de Projectes<\/li>\n<\/ul>\n<\/li>\n<\/ul>\n<p class=\"p1\"><span class=\"s1\">\u00a0 \u00a0 Responsable: Ana Monta\u00f1\u00e9s Fern\u00e1ndez Email:<a href=\"mailto:amontfer@diputacionalicante.es\"><span class=\"s2\">amontfer@diputacionalicante.es<\/span><\/a><\/span><\/p>\n<ul>\n<li style=\"list-style-type: none;\">\n<ul>\n<li>\u00c0rea d&#8217;Obres<\/li>\n<\/ul>\n<\/li>\n<\/ul>\n<p class=\"p1\"><span class=\"s1\">\u00a0 \u00a0 Responsable: Rafael P\u00e9rez Ochoa. Email:\u00a0<a href=\"mailto:rpochoa@diputacionalicante.es\"><span class=\"s3\">rpochoa@diputacionalicante.es<\/span><\/a><\/span><\/p>\n<p class=\"p1\"><strong>Departament T\u00e8cnic d&#8217;An\u00e0lisi i Control:<\/strong><\/p>\n<p class=\"p1\"><span class=\"s1\">Responsable: Juan Luis Mart\u00ednez Muro Email:\u00a0<a href=\"mailto:jlmmuro@diputacionalicante.es\"><span class=\"s2\">jlmmuro@diputacionalicante.es<\/span><\/a><\/span><\/p>\n<ul>\n<li class=\"p1\"><span class=\"s1\"> \u00c0rea d&#8217;Assist\u00e8ncia T\u00e8cnica<\/span><\/li>\n<\/ul>\n<p class=\"p1\"><span class=\"s1\">Responsable: Noemi Portell \u00cf\u00f1iguez Email:\u00a0<a href=\"mailto:nportell@diputacionalicante.es\"><span class=\"s2\">nportell@diputacionalicante.es<\/span><\/a><\/span><\/p>\n<ul>\n<li class=\"p1\">\u00c0rea de Laboratori<\/li>\n<\/ul>\n<p class=\"p1\"><span class=\"s1\">Responsable: Olga Espejo Alcaraz Email:\u00a0<a href=\"mailto:oespejoa@diputacionalicante.es\"><span class=\"s2\">oespejoa@diputacionalicante.es<\/span><\/a><\/span><\/p>\n<ul>\n<li class=\"p1\">\u00c0rea T\u00e8cnic Comercial<\/li>\n<\/ul>\n<p class=\"p1\"><span class=\"s1\">Responsable: M\u00aa Cristina Blanco Mur Email:\u00a0<a href=\"mailto:cblancom@diputacionalicante.es\"><span class=\"s2\">cblancom@diputacionalicante.es<\/span><\/a><\/span><\/p>\n<ul>\n<li class=\"li1\"><strong>Departament de Gesti\u00f3 d&#8217;Aigua Potable:<\/strong><\/li>\n<\/ul>\n<p><span class=\"s2\">Responsable: Rafael P\u00e9rez Ochoa Email:\u00a0<a href=\"mailto:rpochoa@diputacionalicante.es\"><span class=\"s3\">rpochoa@diputacionalicante.es<\/span><\/a><\/span><\/p>\n<p class=\"p1\">\n","protected":false},"excerpt":{"rendered":"<p>Per a aconseguir un efica\u00e7 exercici de les distintes l\u00ednies d&#8217;actuaci\u00f3 dutes a terme, s&#8217;ha establit una organitzaci\u00f3 d&#8217;acord amb els treballs desenrotllats per l&#8217;empresa, concretament: Ger\u00e8ncia Gerent: Miguel Ortiz Zaragoza. Email: Departament Econ\u00f2mic i d&#8217;Administraci\u00f3: Responsable: Fco. Javier Orts Pascual Email:\u00a0jortsp@diputacionalicante.es Responsable Jur\u00eddic i Contractaci\u00f3 Responsable: Antonio Fuentes Jim\u00e9nez. Email: afuentes@diputacionalicante.es Departament de Qualitat [&hellip;]<\/p>\n","protected":false},"author":3,"featured_media":0,"parent":130,"menu_order":0,"comment_status":"closed","ping_status":"closed","template":"page-templates\/page-full-width.php","meta":{"footnotes":""},"class_list":["post-95","page","type-page","status-publish","hentry"],"_links":{"self":[{"href":"https:\/\/www.proaguas.es\/va\/wp-json\/wp\/v2\/pages\/95","targetHints":{"allow":["GET"]}}],"collection":[{"href":"https:\/\/www.proaguas.es\/va\/wp-json\/wp\/v2\/pages"}],"about":[{"href":"https:\/\/www.proaguas.es\/va\/wp-json\/wp\/v2\/types\/page"}],"author":[{"embeddable":true,"href":"https:\/\/www.proaguas.es\/va\/wp-json\/wp\/v2\/users\/3"}],"replies":[{"embeddable":true,"href":"https:\/\/www.proaguas.es\/va\/wp-json\/wp\/v2\/comments?post=95"}],"version-history":[{"count":7,"href":"https:\/\/www.proaguas.es\/va\/wp-json\/wp\/v2\/pages\/95\/revisions"}],"predecessor-version":[{"id":2091,"href":"https:\/\/www.proaguas.es\/va\/wp-json\/wp\/v2\/pages\/95\/revisions\/2091"}],"up":[{"embeddable":true,"href":"https:\/\/www.proaguas.es\/va\/wp-json\/wp\/v2\/pages\/130"}],"wp:attachment":[{"href":"https:\/\/www.proaguas.es\/va\/wp-json\/wp\/v2\/media?parent=95"}],"curies":[{"name":"wp","href":"https:\/\/api.w.org\/{rel}","templated":true}]}}